{"id":27001537,"date":"2026-02-17T17:21:18","date_gmt":"2026-02-17T17:21:18","guid":{"rendered":"https:\/\/www.catsalvacura.com\/?post_type=product&#038;p=27001537"},"modified":"2026-02-17T17:51:36","modified_gmt":"2026-02-17T17:51:36","slug":"pandantiv-bijuterie","status":"publish","type":"product","link":"https:\/\/www.catsalvacura.com\/ro\/produkt\/pandantiv-bijuterie\/","title":{"rendered":"Pandantiv bijuterie"},"content":{"rendered":"<p>[et_pb_section fb_built=&#8221;1&#8243; custom_padding_last_edited=&#8221;on|phone&#8221; _builder_version=&#8221;4.27.4&#8243; _module_preset=&#8221;default&#8221; background_color=&#8221;#BFF0FD&#8221; background_image=&#8221;https:\/\/www.catsalvacura.com\/wp-content\/uploads\/2025\/02\/dp-vetcare-bg.jpg&#8221; custom_margin=&#8221;-30px||||false|false&#8221; custom_padding=&#8221;150px||140px||false|false&#8221; custom_padding_tablet=&#8221;220px||140px||false|false&#8221; custom_padding_phone=&#8221;160px||100px||false|false&#8221; border_width_bottom=&#8221;10px&#8221; border_color_bottom=&#8221;#1ECBF8&#8243; locked=&#8221;off&#8221; collapsed=&#8221;off&#8221; global_colors_info=&#8221;{}&#8221;][et_pb_row _builder_version=&#8221;4.17.3&#8243; _module_preset=&#8221;default&#8221; locked=&#8221;off&#8221; global_colors_info=&#8221;{}&#8221;][et_pb_column type=&#8221;4_4&#8243; _builder_version=&#8221;4.17.3&#8243; _module_preset=&#8221;default&#8221; global_colors_info=&#8221;{}&#8221;][et_pb_text _builder_version=&#8221;4.27.5&#8243; _module_preset=&#8221;default&#8221; text_font=&#8221;Poppins|600||on|||||&#8221; text_text_color=&#8221;#1ECBF8&#8243; text_font_size=&#8221;18px&#8221; text_letter_spacing=&#8221;4px&#8221; text_orientation=&#8221;center&#8221; custom_margin=&#8221;||20px||false|false&#8221; custom_margin_tablet=&#8221;||20px||false|false&#8221; custom_margin_phone=&#8221;||15px||false|false&#8221; custom_margin_last_edited=&#8221;on|phone&#8221; text_font_size_tablet=&#8221;18px&#8221; text_font_size_phone=&#8221;14px&#8221; text_font_size_last_edited=&#8221;on|phone&#8221; text_letter_spacing_tablet=&#8221;4px&#8221; text_letter_spacing_phone=&#8221;1px&#8221; text_letter_spacing_last_edited=&#8221;on|phone&#8221; locked=&#8221;off&#8221; global_colors_info=&#8221;{}&#8221;]Sus\u021bine\u021bi pisicile noastre[\/et_pb_text][et_pb_text _builder_version=&#8221;4.27.4&#8243; _dynamic_attributes=&#8221;content&#8221; _module_preset=&#8221;default&#8221; header_font=&#8221;Chau Philomene One|700|||||||&#8221; header_text_align=&#8221;center&#8221; header_text_color=&#8221;#25212B&#8221; header_font_size=&#8221;60px&#8221; header_line_height=&#8221;1.3em&#8221; width=&#8221;800px&#8221; width_tablet=&#8221;100%&#8221; width_phone=&#8221;100%&#8221; width_last_edited=&#8221;on|tablet&#8221; module_alignment=&#8221;center&#8221; custom_margin=&#8221;||||false|false&#8221; header_font_size_tablet=&#8221;55px&#8221; header_font_size_phone=&#8221;35px&#8221; header_font_size_last_edited=&#8221;on|phone&#8221; global_colors_info=&#8221;{}&#8221;]@ET-DC@eyJkeW5hbWljIjp0cnVlLCJjb250ZW50IjoicG9zdF90aXRsZSIsInNldHRpbmdzIjp7ImJlZm9yZSI6IjxoMT4iLCJhZnRlciI6IjwvaDE+In19@[\/et_pb_text][\/et_pb_column][\/et_pb_row][\/et_pb_section][et_pb_section fb_built=&#8221;1&#8243; custom_padding_last_edited=&#8221;on|phone&#8221; _builder_version=&#8221;4.19.4&#8243; _module_preset=&#8221;default&#8221; custom_padding=&#8221;30px|||||&#8221; custom_padding_tablet=&#8221;&#8221; custom_padding_phone=&#8221;30px||||false|false&#8221; global_colors_info=&#8221;{}&#8221;][et_pb_row column_structure=&#8221;2_3,1_3&#8243; use_custom_gutter=&#8221;on&#8221; gutter_width=&#8221;2&#8243; _builder_version=&#8221;4.27.4&#8243; _module_preset=&#8221;default&#8221; global_colors_info=&#8221;{}&#8221;][et_pb_column type=&#8221;2_3&#8243; _builder_version=&#8221;4.27.4&#8243; _module_preset=&#8221;default&#8221; background_color=&#8221;#F2FCFF&#8221; custom_padding=&#8221;50px|50px|50px|50px|true|true&#8221; custom_padding_tablet=&#8221;50px|20px|50px|20px|true|true&#8221; custom_padding_phone=&#8221;30px|15px|30px|15px|true|true&#8221; custom_padding_last_edited=&#8221;on|tablet&#8221; border_radii=&#8221;on|25px|25px|25px|25px&#8221; box_shadow_style=&#8221;preset1&#8243; box_shadow_blur=&#8221;30px&#8221; box_shadow_color=&#8221;rgba(0,0,0,0.03)&#8221; global_colors_info=&#8221;{}&#8221;][et_pb_wc_images _builder_version=&#8221;4.27.5&#8243; _module_preset=&#8221;default&#8221; global_colors_info=&#8221;{}&#8221;][\/et_pb_wc_images][\/et_pb_column][et_pb_column type=&#8221;1_3&#8243; _builder_version=&#8221;4.27.4&#8243; _module_preset=&#8221;default&#8221; background_color=&#8221;#F2FCFF&#8221; custom_padding=&#8221;50px|20px|50px|20px|true|true&#8221; custom_padding_tablet=&#8221;50px|20px|50px|20px|true|true&#8221; custom_padding_phone=&#8221;30px|15px|30px|15px|true|true&#8221; custom_padding_last_edited=&#8221;on|desktop&#8221; border_radii=&#8221;on|25px|25px|25px|25px&#8221; box_shadow_style=&#8221;preset1&#8243; box_shadow_blur=&#8221;30px&#8221; box_shadow_color=&#8221;rgba(0,0,0,0.03)&#8221; global_colors_info=&#8221;{}&#8221;][et_pb_text _builder_version=&#8221;4.27.5&#8243; _module_preset=&#8221;default&#8221; global_colors_info=&#8221;{}&#8221;]Bijuteriile sunt realizate la cerere \u0219i nu sunt disponibile \u00een stoc.[\/et_pb_text][\/et_pb_column][\/et_pb_row][et_pb_row _builder_version=&#8221;4.27.5&#8243; _module_preset=&#8221;default&#8221; global_colors_info=&#8221;{}&#8221;][et_pb_column type=&#8221;4_4&#8243; _builder_version=&#8221;4.27.5&#8243; _module_preset=&#8221;default&#8221; global_colors_info=&#8221;{}&#8221;][et_pb_wc_tabs include_tabs=&#8221;description|&#8221; _builder_version=&#8221;4.27.5&#8243; _module_preset=&#8221;default&#8221; global_colors_info=&#8221;{}&#8221;][\/et_pb_wc_tabs][\/et_pb_column][\/et_pb_row][\/et_pb_section]<\/p>\n","protected":false},"excerpt":{"rendered":"<p>Sus\u021bine\u021bi pisicile noastreBijuteriile sunt realizate la cerere \u0219i nu sunt disponibile \u00een stoc.<\/p>\n","protected":false},"featured_media":27001534,"comment_status":"open","ping_status":"closed","template":"","meta":{"_acf_changed":false,"_et_pb_use_builder":"on","_et_pb_old_content":"\u00cen Idar-Oberstein, un ora\u0219 cu tradi\u021bie \u00een domeniul bijuteriilor, atelierul Gerhard Becker creeaz\u0103 pandantive excep\u021bionale, realizate manual, 100% \u00een Germania.\r\n\r\nFiecare bijuterie este unicat: fie c\u0103 este vorba de un medalion clasic, un pandantiv elegant sau un model complet personalizat, forma, dimensiunea \u0219i designul sunt realizate \u00een totalitate dup\u0103 dorin\u021bele dumneavoastr\u0103.\r\nDe asemenea, ave\u021bi libertate de alegere \u00een ceea ce prive\u0219te materialele: argint, aur sau alte metale pre\u021bioase sunt disponibile, \u00een func\u021bie de dorin\u021bele dumneavoastr\u0103. Astfel se creeaz\u0103 o bijuterie personalizat\u0103, cu o valoare durabil\u0103 \u0219i o semnifica\u021bie special\u0103.\r\nBijuteriile prezentate sunt imagini exemplificative, deoarece fiecare pies\u0103 este realizat\u0103 individual pentru dumneavoastr\u0103. V\u0103 rug\u0103m s\u0103 ne trimite\u021bi o cerere c\u00e2t mai detaliat\u0103 cu dorin\u021bele dumneavoastr\u0103 de design \u2013 v\u0103 vom oferi cu pl\u0103cere sfaturi detaliate.\r\n\r\n\u00cen atelier sunt disponibile \u0219i numeroase alte motive, \u00een special cu pisici \u0219i c\u00e2ini. Dac\u0103 men\u021biona\u021bi \u201eCatSalvaCura Moldavia\u201d \u00een cererea dvs. direct\u0103, ve\u021bi sprijini salvarea pisicilor \u2013 vom primi o mic\u0103 comision \u00een favoarea acestui proiect. V\u0103 mul\u021bumim pentru sprijin!\r\n\r\nDatorit\u0103 fluctua\u021biilor puternice actuale ale pre\u021burilor metalelor pre\u021bioase, v\u0103 rug\u0103m s\u0103 solicita\u021bi pre\u021burile zilnice individuale.\r\nA\u0219tept\u0103m cu ner\u0103bdare cererea dvs. personal\u0103 \u0219i suntem \u00eenc\u00e2nta\u021bi s\u0103 v\u0103 transform\u0103m bijuteria personalizat\u0103 \u00een realitate.","_et_gb_content_width":""},"product_brand":[],"product_cat":[],"product_tag":[],"class_list":{"0":"post-27001537","1":"product","2":"type-product","3":"status-publish","4":"has-post-thumbnail","7":"first","8":"outofstock","9":"taxable","10":"shipping-taxable","11":"product-type-simple"},"acf":[],"yoast_head":"<!-- This site is optimized with the Yoast SEO plugin v27.5 - https:\/\/yoast.com\/product\/yoast-seo-wordpress\/ -->\n<title>Pandantiv bijuterie - CatSalvaCura<\/title>\n<meta name=\"robots\" content=\"index, follow, max-snippet:-1, max-image-preview:large, max-video-preview:-1\" \/>\n<link rel=\"canonical\" href=\"https:\/\/www.catsalvacura.com\/ro\/produkt\/pandantiv-bijuterie\/\" \/>\n<meta property=\"og:locale\" content=\"ro_RO\" \/>\n<meta property=\"og:type\" content=\"article\" \/>\n<meta property=\"og:title\" content=\"Pandantiv bijuterie - CatSalvaCura\" \/>\n<meta property=\"og:description\" content=\"Sus\u021bine\u021bi pisicile noastreBijuteriile sunt realizate la cerere \u0219i nu sunt disponibile \u00een stoc.\" \/>\n<meta property=\"og:url\" content=\"https:\/\/www.catsalvacura.com\/ro\/produkt\/pandantiv-bijuterie\/\" \/>\n<meta property=\"og:site_name\" content=\"CatSalvaCura\" \/>\n<meta property=\"article:modified_time\" content=\"2026-02-17T17:51:36+00:00\" \/>\n<meta property=\"og:image\" content=\"https:\/\/www.catsalvacura.com\/wp-content\/uploads\/2026\/02\/Anhaenger-Katze_Bild.jpeg\" \/>\n\t<meta property=\"og:image:width\" content=\"1080\" \/>\n\t<meta property=\"og:image:height\" content=\"1250\" \/>\n\t<meta property=\"og:image:type\" content=\"image\/jpeg\" \/>\n<meta name=\"twitter:card\" content=\"summary_large_image\" \/>\n<meta name=\"twitter:label1\" content=\"Timp estimat pentru citire\" \/>\n\t<meta name=\"twitter:data1\" content=\"2 minute\" \/>\n<script type=\"application\/ld+json\" class=\"yoast-schema-graph\">{\"@context\":\"https:\\\/\\\/schema.org\",\"@graph\":[{\"@type\":\"WebPage\",\"@id\":\"https:\\\/\\\/www.catsalvacura.com\\\/ro\\\/produkt\\\/pandantiv-bijuterie\\\/\",\"url\":\"https:\\\/\\\/www.catsalvacura.com\\\/ro\\\/produkt\\\/pandantiv-bijuterie\\\/\",\"name\":\"Pandantiv bijuterie - CatSalvaCura\",\"isPartOf\":{\"@id\":\"https:\\\/\\\/www.catsalvacura.com\\\/ro\\\/#website\"},\"primaryImageOfPage\":{\"@id\":\"https:\\\/\\\/www.catsalvacura.com\\\/ro\\\/produkt\\\/pandantiv-bijuterie\\\/#primaryimage\"},\"image\":{\"@id\":\"https:\\\/\\\/www.catsalvacura.com\\\/ro\\\/produkt\\\/pandantiv-bijuterie\\\/#primaryimage\"},\"thumbnailUrl\":\"https:\\\/\\\/www.catsalvacura.com\\\/wp-content\\\/uploads\\\/2026\\\/02\\\/Anhaenger-Katze_Bild.jpeg\",\"datePublished\":\"2026-02-17T17:21:18+00:00\",\"dateModified\":\"2026-02-17T17:51:36+00:00\",\"breadcrumb\":{\"@id\":\"https:\\\/\\\/www.catsalvacura.com\\\/ro\\\/produkt\\\/pandantiv-bijuterie\\\/#breadcrumb\"},\"inLanguage\":\"ro-RO\",\"potentialAction\":[{\"@type\":\"ReadAction\",\"target\":[\"https:\\\/\\\/www.catsalvacura.com\\\/ro\\\/produkt\\\/pandantiv-bijuterie\\\/\"]}]},{\"@type\":\"ImageObject\",\"inLanguage\":\"ro-RO\",\"@id\":\"https:\\\/\\\/www.catsalvacura.com\\\/ro\\\/produkt\\\/pandantiv-bijuterie\\\/#primaryimage\",\"url\":\"https:\\\/\\\/www.catsalvacura.com\\\/wp-content\\\/uploads\\\/2026\\\/02\\\/Anhaenger-Katze_Bild.jpeg\",\"contentUrl\":\"https:\\\/\\\/www.catsalvacura.com\\\/wp-content\\\/uploads\\\/2026\\\/02\\\/Anhaenger-Katze_Bild.jpeg\",\"width\":1080,\"height\":1250,\"caption\":\"Medaillon-Anh\u00e4nger mit Achatinlay und Katzenabbildung\"},{\"@type\":\"BreadcrumbList\",\"@id\":\"https:\\\/\\\/www.catsalvacura.com\\\/ro\\\/produkt\\\/pandantiv-bijuterie\\\/#breadcrumb\",\"itemListElement\":[{\"@type\":\"ListItem\",\"position\":1,\"name\":\"Startseite\",\"item\":\"https:\\\/\\\/www.catsalvacura.com\\\/ro\\\/\"},{\"@type\":\"ListItem\",\"position\":2,\"name\":\"Magazin\",\"item\":\"https:\\\/\\\/www.catsalvacura.com\\\/ro\\\/magazin\\\/\"},{\"@type\":\"ListItem\",\"position\":3,\"name\":\"Pandantiv bijuterie\"}]},{\"@type\":\"WebSite\",\"@id\":\"https:\\\/\\\/www.catsalvacura.com\\\/ro\\\/#website\",\"url\":\"https:\\\/\\\/www.catsalvacura.com\\\/ro\\\/\",\"name\":\"CatSalvaCura\",\"description\":\"\",\"potentialAction\":[{\"@type\":\"SearchAction\",\"target\":{\"@type\":\"EntryPoint\",\"urlTemplate\":\"https:\\\/\\\/www.catsalvacura.com\\\/ro\\\/?s={search_term_string}\"},\"query-input\":{\"@type\":\"PropertyValueSpecification\",\"valueRequired\":true,\"valueName\":\"search_term_string\"}}],\"inLanguage\":\"ro-RO\"}]}<\/script>\n<!-- \/ Yoast SEO plugin. -->","yoast_head_json":{"title":"Pandantiv bijuterie - CatSalvaCura","robots":{"index":"index","follow":"follow","max-snippet":"max-snippet:-1","max-image-preview":"max-image-preview:large","max-video-preview":"max-video-preview:-1"},"canonical":"https:\/\/www.catsalvacura.com\/ro\/produkt\/pandantiv-bijuterie\/","og_locale":"ro_RO","og_type":"article","og_title":"Pandantiv bijuterie - CatSalvaCura","og_description":"Sus\u021bine\u021bi pisicile noastreBijuteriile sunt realizate la cerere \u0219i nu sunt disponibile \u00een stoc.","og_url":"https:\/\/www.catsalvacura.com\/ro\/produkt\/pandantiv-bijuterie\/","og_site_name":"CatSalvaCura","article_modified_time":"2026-02-17T17:51:36+00:00","og_image":[{"width":1080,"height":1250,"url":"https:\/\/www.catsalvacura.com\/wp-content\/uploads\/2026\/02\/Anhaenger-Katze_Bild.jpeg","type":"image\/jpeg"}],"twitter_card":"summary_large_image","twitter_misc":{"Timp estimat pentru citire":"2 minute"},"schema":{"@context":"https:\/\/schema.org","@graph":[{"@type":"WebPage","@id":"https:\/\/www.catsalvacura.com\/ro\/produkt\/pandantiv-bijuterie\/","url":"https:\/\/www.catsalvacura.com\/ro\/produkt\/pandantiv-bijuterie\/","name":"Pandantiv bijuterie - CatSalvaCura","isPartOf":{"@id":"https:\/\/www.catsalvacura.com\/ro\/#website"},"primaryImageOfPage":{"@id":"https:\/\/www.catsalvacura.com\/ro\/produkt\/pandantiv-bijuterie\/#primaryimage"},"image":{"@id":"https:\/\/www.catsalvacura.com\/ro\/produkt\/pandantiv-bijuterie\/#primaryimage"},"thumbnailUrl":"https:\/\/www.catsalvacura.com\/wp-content\/uploads\/2026\/02\/Anhaenger-Katze_Bild.jpeg","datePublished":"2026-02-17T17:21:18+00:00","dateModified":"2026-02-17T17:51:36+00:00","breadcrumb":{"@id":"https:\/\/www.catsalvacura.com\/ro\/produkt\/pandantiv-bijuterie\/#breadcrumb"},"inLanguage":"ro-RO","potentialAction":[{"@type":"ReadAction","target":["https:\/\/www.catsalvacura.com\/ro\/produkt\/pandantiv-bijuterie\/"]}]},{"@type":"ImageObject","inLanguage":"ro-RO","@id":"https:\/\/www.catsalvacura.com\/ro\/produkt\/pandantiv-bijuterie\/#primaryimage","url":"https:\/\/www.catsalvacura.com\/wp-content\/uploads\/2026\/02\/Anhaenger-Katze_Bild.jpeg","contentUrl":"https:\/\/www.catsalvacura.com\/wp-content\/uploads\/2026\/02\/Anhaenger-Katze_Bild.jpeg","width":1080,"height":1250,"caption":"Medaillon-Anh\u00e4nger mit Achatinlay und Katzenabbildung"},{"@type":"BreadcrumbList","@id":"https:\/\/www.catsalvacura.com\/ro\/produkt\/pandantiv-bijuterie\/#breadcrumb","itemListElement":[{"@type":"ListItem","position":1,"name":"Startseite","item":"https:\/\/www.catsalvacura.com\/ro\/"},{"@type":"ListItem","position":2,"name":"Magazin","item":"https:\/\/www.catsalvacura.com\/ro\/magazin\/"},{"@type":"ListItem","position":3,"name":"Pandantiv bijuterie"}]},{"@type":"WebSite","@id":"https:\/\/www.catsalvacura.com\/ro\/#website","url":"https:\/\/www.catsalvacura.com\/ro\/","name":"CatSalvaCura","description":"","potentialAction":[{"@type":"SearchAction","target":{"@type":"EntryPoint","urlTemplate":"https:\/\/www.catsalvacura.com\/ro\/?s={search_term_string}"},"query-input":{"@type":"PropertyValueSpecification","valueRequired":true,"valueName":"search_term_string"}}],"inLanguage":"ro-RO"}]}},"_links":{"self":[{"href":"https:\/\/www.catsalvacura.com\/ro\/wp-json\/wp\/v2\/product\/27001537","targetHints":{"allow":["GET"]}}],"collection":[{"href":"https:\/\/www.catsalvacura.com\/ro\/wp-json\/wp\/v2\/product"}],"about":[{"href":"https:\/\/www.catsalvacura.com\/ro\/wp-json\/wp\/v2\/types\/product"}],"replies":[{"embeddable":true,"href":"https:\/\/www.catsalvacura.com\/ro\/wp-json\/wp\/v2\/comments?post=27001537"}],"wp:featuredmedia":[{"embeddable":true,"href":"https:\/\/www.catsalvacura.com\/ro\/wp-json\/wp\/v2\/media\/27001534"}],"wp:attachment":[{"href":"https:\/\/www.catsalvacura.com\/ro\/wp-json\/wp\/v2\/media?parent=27001537"}],"wp:term":[{"taxonomy":"product_brand","embeddable":true,"href":"https:\/\/www.catsalvacura.com\/ro\/wp-json\/wp\/v2\/product_brand?post=27001537"},{"taxonomy":"product_cat","embeddable":true,"href":"https:\/\/www.catsalvacura.com\/ro\/wp-json\/wp\/v2\/product_cat?post=27001537"},{"taxonomy":"product_tag","embeddable":true,"href":"https:\/\/www.catsalvacura.com\/ro\/wp-json\/wp\/v2\/product_tag?post=27001537"}],"curies":[{"name":"wp","href":"https:\/\/api.w.org\/{rel}","templated":true}]}}