{"id":27001522,"date":"2026-02-12T11:29:25","date_gmt":"2026-02-12T11:29:25","guid":{"rendered":"https:\/\/www.catsalvacura.com\/produkt\/akkurate-outfit-haare-fussel-staub-eliminator\/"},"modified":"2026-02-17T16:52:19","modified_gmt":"2026-02-17T16:52:19","slug":"eliminator-precis-de-par-scame-si-praf-pentru-haine","status":"publish","type":"product","link":"https:\/\/www.catsalvacura.com\/ro\/produkt\/eliminator-precis-de-par-scame-si-praf-pentru-haine\/","title":{"rendered":"Eliminator precis de p\u0103r, scame \u0219i praf pentru haine"},"content":{"rendered":"<p>[et_pb_section fb_built=&#8221;1&#8243; custom_padding_last_edited=&#8221;on|phone&#8221; _builder_version=&#8221;4.27.4&#8243; _module_preset=&#8221;default&#8221; background_color=&#8221;#BFF0FD&#8221; background_image=&#8221;https:\/\/www.catsalvacura.com\/wp-content\/uploads\/2025\/02\/dp-vetcare-bg.jpg&#8221; custom_margin=&#8221;-30px||||false|false&#8221; custom_padding=&#8221;150px||140px||false|false&#8221; custom_padding_tablet=&#8221;220px||140px||false|false&#8221; custom_padding_phone=&#8221;160px||100px||false|false&#8221; border_width_bottom=&#8221;10px&#8221; border_color_bottom=&#8221;#1ECBF8&#8243; locked=&#8221;off&#8221; collapsed=&#8221;off&#8221; global_colors_info=&#8221;{}&#8221;][et_pb_row _builder_version=&#8221;4.17.3&#8243; _module_preset=&#8221;default&#8221; locked=&#8221;off&#8221; global_colors_info=&#8221;{}&#8221;][et_pb_column type=&#8221;4_4&#8243; _builder_version=&#8221;4.17.3&#8243; _module_preset=&#8221;default&#8221; global_colors_info=&#8221;{}&#8221;][et_pb_text _builder_version=&#8221;4.27.5&#8243; _module_preset=&#8221;default&#8221; text_font=&#8221;Poppins|600||on|||||&#8221; text_text_color=&#8221;#1ECBF8&#8243; text_font_size=&#8221;18px&#8221; text_letter_spacing=&#8221;4px&#8221; text_orientation=&#8221;center&#8221; custom_margin=&#8221;||20px||false|false&#8221; custom_margin_tablet=&#8221;||20px||false|false&#8221; custom_margin_phone=&#8221;||15px||false|false&#8221; custom_margin_last_edited=&#8221;on|phone&#8221; hover_enabled=&#8221;0&#8243; text_font_size_tablet=&#8221;18px&#8221; text_font_size_phone=&#8221;14px&#8221; text_font_size_last_edited=&#8221;on|phone&#8221; text_letter_spacing_tablet=&#8221;4px&#8221; text_letter_spacing_phone=&#8221;1px&#8221; text_letter_spacing_last_edited=&#8221;on|phone&#8221; locked=&#8221;off&#8221; global_colors_info=&#8221;{}&#8221; sticky_enabled=&#8221;0&#8243;]Sus\u021bine\u021bi pisicile noastre[\/et_pb_text][et_pb_text _builder_version=&#8221;4.27.4&#8243; _dynamic_attributes=&#8221;content&#8221; _module_preset=&#8221;default&#8221; header_font=&#8221;Chau Philomene One|700|||||||&#8221; header_text_align=&#8221;center&#8221; header_text_color=&#8221;#25212B&#8221; header_font_size=&#8221;60px&#8221; header_line_height=&#8221;1.3em&#8221; width=&#8221;800px&#8221; width_tablet=&#8221;100%&#8221; width_phone=&#8221;100%&#8221; width_last_edited=&#8221;on|tablet&#8221; module_alignment=&#8221;center&#8221; custom_margin=&#8221;||||false|false&#8221; hover_enabled=&#8221;0&#8243; header_font_size_tablet=&#8221;55px&#8221; header_font_size_phone=&#8221;35px&#8221; header_font_size_last_edited=&#8221;on|phone&#8221; global_colors_info=&#8221;{}&#8221; sticky_enabled=&#8221;0&#8243;]@ET-DC@eyJkeW5hbWljIjp0cnVlLCJjb250ZW50IjoicG9zdF90aXRsZSIsInNldHRpbmdzIjp7ImJlZm9yZSI6IjxoMT4iLCJhZnRlciI6IjwvaDE+In19@[\/et_pb_text][\/et_pb_column][\/et_pb_row][\/et_pb_section][et_pb_section fb_built=&#8221;1&#8243; custom_padding_last_edited=&#8221;on|phone&#8221; _builder_version=&#8221;4.19.4&#8243; _module_preset=&#8221;default&#8221; custom_padding=&#8221;30px|||||&#8221; custom_padding_tablet=&#8221;&#8221; custom_padding_phone=&#8221;30px||||false|false&#8221; global_colors_info=&#8221;{}&#8221;][et_pb_row column_structure=&#8221;2_3,1_3&#8243; use_custom_gutter=&#8221;on&#8221; gutter_width=&#8221;2&#8243; _builder_version=&#8221;4.27.4&#8243; _module_preset=&#8221;default&#8221; global_colors_info=&#8221;{}&#8221;][et_pb_column type=&#8221;2_3&#8243; _builder_version=&#8221;4.27.4&#8243; _module_preset=&#8221;default&#8221; background_color=&#8221;#F2FCFF&#8221; custom_padding=&#8221;50px|50px|50px|50px|true|true&#8221; custom_padding_tablet=&#8221;50px|20px|50px|20px|true|true&#8221; custom_padding_phone=&#8221;30px|15px|30px|15px|true|true&#8221; custom_padding_last_edited=&#8221;on|tablet&#8221; border_radii=&#8221;on|25px|25px|25px|25px&#8221; box_shadow_style=&#8221;preset1&#8243; box_shadow_blur=&#8221;30px&#8221; box_shadow_color=&#8221;rgba(0,0,0,0.03)&#8221; global_colors_info=&#8221;{}&#8221;][et_pb_wc_images _builder_version=&#8221;4.27.5&#8243; _module_preset=&#8221;default&#8221; global_colors_info=&#8221;{}&#8221;][\/et_pb_wc_images][\/et_pb_column][et_pb_column type=&#8221;1_3&#8243; _builder_version=&#8221;4.27.4&#8243; _module_preset=&#8221;default&#8221; background_color=&#8221;#F2FCFF&#8221; custom_padding=&#8221;50px|20px|50px|20px|true|true&#8221; custom_padding_tablet=&#8221;50px|20px|50px|20px|true|true&#8221; custom_padding_phone=&#8221;30px|15px|30px|15px|true|true&#8221; custom_padding_last_edited=&#8221;on|desktop&#8221; border_radii=&#8221;on|25px|25px|25px|25px&#8221; box_shadow_style=&#8221;preset1&#8243; box_shadow_blur=&#8221;30px&#8221; box_shadow_color=&#8221;rgba(0,0,0,0.03)&#8221; global_colors_info=&#8221;{}&#8221;][et_pb_wc_price _builder_version=&#8221;4.27.5&#8243; _module_preset=&#8221;default&#8221; body_text_color=&#8221;#25212B&#8221; body_font_size=&#8221;40px&#8221; global_colors_info=&#8221;{}&#8221;][\/et_pb_wc_price][et_pb_wc_add_to_cart _builder_version=&#8221;4.27.5&#8243; _module_preset=&#8221;default&#8221; custom_button=&#8221;on&#8221; button_text_color=&#8221;#FFFFFF&#8221; button_bg_color=&#8221;#07B2DF&#8221; button_border_width=&#8221;0px&#8221; button_border_radius=&#8221;0px&#8221; global_colors_info=&#8221;{}&#8221;][\/et_pb_wc_add_to_cart][\/et_pb_column][\/et_pb_row][et_pb_row _builder_version=&#8221;4.27.5&#8243; _module_preset=&#8221;default&#8221; global_colors_info=&#8221;{}&#8221;][et_pb_column type=&#8221;4_4&#8243; _builder_version=&#8221;4.27.5&#8243; _module_preset=&#8221;default&#8221; global_colors_info=&#8221;{}&#8221;][et_pb_wc_tabs include_tabs=&#8221;description|&#8221; _builder_version=&#8221;4.27.5&#8243; _module_preset=&#8221;default&#8221; global_colors_info=&#8221;{}&#8221;][\/et_pb_wc_tabs][\/et_pb_column][\/et_pb_row][\/et_pb_section]<\/p>\n","protected":false},"excerpt":{"rendered":"<p>Sus\u021bine\u021bi pisicile noastre<\/p>\n","protected":false},"featured_media":27001514,"comment_status":"open","ping_status":"closed","template":"","meta":{"_acf_changed":false,"_et_pb_use_builder":"on","_et_pb_old_content":"<strong>Eliminator precis de p\u0103r, scame \u0219i praf pentru haine<\/strong> \u00eendep\u0103rteaz\u0103 \u00een mod fiabil p\u0103rul de animale, scame, praf \u0219i firimituri de pe haine, tapi\u021berii \u0219i textile \u2013 f\u0103r\u0103 role adezive. P\u0103rul scurt \u0219i lung de c\u00e2ine \u0219i pisic\u0103, p\u0103rul de cal, precum \u0219i ghemotoacele de p\u0103r din usc\u0103tor sunt colectate \u00een 1-2 mi\u0219c\u0103ri \u0219i adunate \u00een recipientul de colectare integrat. Reutilizabil, durabil \u0219i potrivit pentru toate \u021bes\u0103turile, cu excep\u021bia angorei. Ideal pentru proprietarii de animale de companie, ma\u0219ini, gospod\u0103rii, birouri \u0219i cabinete veterinare.\r\n\r\n\u2705 \u00cendep\u0103rteaz\u0103 p\u0103rul de c\u00e2ine, pisic\u0103 \u0219i cal, scame, praf \u0219i puf\r\n\u2705 Cur\u0103\u021b\u0103 hainele \u0219i textilele \u00een doar 1-2 mi\u0219c\u0103ri\r\n\u2705 Recipient de colectare integrat \u2013 nu mai trebuie s\u0103 atinge\u021bi murd\u0103ria\r\n\u2705 Reutilizabil \u0219i ecologic \u2013 f\u0103r\u0103 role adezive\r\n\u2705 Pentru toate materialele, cu excep\u021bia l\u00e2nii angora, cu efect anti-pilling","_et_gb_content_width":""},"product_brand":[],"product_cat":[86],"product_tag":[],"class_list":{"0":"post-27001522","1":"product","2":"type-product","3":"status-publish","4":"has-post-thumbnail","6":"product_cat-katzenpflege","8":"first","9":"instock","10":"taxable","11":"shipping-taxable","12":"purchasable","13":"product-type-simple"},"acf":[],"yoast_head":"<!-- This site is optimized with the Yoast SEO plugin v27.5 - https:\/\/yoast.com\/product\/yoast-seo-wordpress\/ -->\n<title>Eliminator precis de p\u0103r, scame \u0219i praf pentru haine - CatSalvaCura<\/title>\n<meta name=\"robots\" content=\"index, follow, max-snippet:-1, max-image-preview:large, max-video-preview:-1\" \/>\n<link rel=\"canonical\" href=\"https:\/\/www.catsalvacura.com\/ro\/produkt\/eliminator-precis-de-par-scame-si-praf-pentru-haine\/\" \/>\n<meta property=\"og:locale\" content=\"ro_RO\" \/>\n<meta property=\"og:type\" content=\"article\" \/>\n<meta property=\"og:title\" content=\"Eliminator precis de p\u0103r, scame \u0219i praf pentru haine - CatSalvaCura\" \/>\n<meta property=\"og:description\" content=\"Sus\u021bine\u021bi pisicile noastre\" \/>\n<meta property=\"og:url\" content=\"https:\/\/www.catsalvacura.com\/ro\/produkt\/eliminator-precis-de-par-scame-si-praf-pentru-haine\/\" \/>\n<meta property=\"og:site_name\" content=\"CatSalvaCura\" \/>\n<meta property=\"article:modified_time\" content=\"2026-02-17T16:52:19+00:00\" \/>\n<meta property=\"og:image\" content=\"https:\/\/www.catsalvacura.com\/wp-content\/uploads\/2026\/02\/Bild_1-1024x1024.jpg\" \/>\n\t<meta property=\"og:image:width\" content=\"1024\" \/>\n\t<meta property=\"og:image:height\" content=\"1024\" \/>\n\t<meta property=\"og:image:type\" content=\"image\/jpeg\" \/>\n<meta name=\"twitter:card\" content=\"summary_large_image\" \/>\n<meta name=\"twitter:label1\" content=\"Timp estimat pentru citire\" \/>\n\t<meta name=\"twitter:data1\" content=\"2 minute\" \/>\n<script type=\"application\/ld+json\" class=\"yoast-schema-graph\">{\"@context\":\"https:\\\/\\\/schema.org\",\"@graph\":[{\"@type\":\"WebPage\",\"@id\":\"https:\\\/\\\/www.catsalvacura.com\\\/ro\\\/produkt\\\/eliminator-precis-de-par-scame-si-praf-pentru-haine\\\/\",\"url\":\"https:\\\/\\\/www.catsalvacura.com\\\/ro\\\/produkt\\\/eliminator-precis-de-par-scame-si-praf-pentru-haine\\\/\",\"name\":\"Eliminator precis de p\u0103r, scame \u0219i praf pentru haine - CatSalvaCura\",\"isPartOf\":{\"@id\":\"https:\\\/\\\/www.catsalvacura.com\\\/ro\\\/#website\"},\"primaryImageOfPage\":{\"@id\":\"https:\\\/\\\/www.catsalvacura.com\\\/ro\\\/produkt\\\/eliminator-precis-de-par-scame-si-praf-pentru-haine\\\/#primaryimage\"},\"image\":{\"@id\":\"https:\\\/\\\/www.catsalvacura.com\\\/ro\\\/produkt\\\/eliminator-precis-de-par-scame-si-praf-pentru-haine\\\/#primaryimage\"},\"thumbnailUrl\":\"https:\\\/\\\/www.catsalvacura.com\\\/wp-content\\\/uploads\\\/2026\\\/02\\\/Bild_1.jpg\",\"datePublished\":\"2026-02-12T11:29:25+00:00\",\"dateModified\":\"2026-02-17T16:52:19+00:00\",\"breadcrumb\":{\"@id\":\"https:\\\/\\\/www.catsalvacura.com\\\/ro\\\/produkt\\\/eliminator-precis-de-par-scame-si-praf-pentru-haine\\\/#breadcrumb\"},\"inLanguage\":\"ro-RO\",\"potentialAction\":[{\"@type\":\"ReadAction\",\"target\":[\"https:\\\/\\\/www.catsalvacura.com\\\/ro\\\/produkt\\\/eliminator-precis-de-par-scame-si-praf-pentru-haine\\\/\"]}]},{\"@type\":\"ImageObject\",\"inLanguage\":\"ro-RO\",\"@id\":\"https:\\\/\\\/www.catsalvacura.com\\\/ro\\\/produkt\\\/eliminator-precis-de-par-scame-si-praf-pentru-haine\\\/#primaryimage\",\"url\":\"https:\\\/\\\/www.catsalvacura.com\\\/wp-content\\\/uploads\\\/2026\\\/02\\\/Bild_1.jpg\",\"contentUrl\":\"https:\\\/\\\/www.catsalvacura.com\\\/wp-content\\\/uploads\\\/2026\\\/02\\\/Bild_1.jpg\",\"width\":1650,\"height\":1650,\"caption\":\"Akkurate Outfit Haare-, Fussel- & Staub-Eliminator\"},{\"@type\":\"BreadcrumbList\",\"@id\":\"https:\\\/\\\/www.catsalvacura.com\\\/ro\\\/produkt\\\/eliminator-precis-de-par-scame-si-praf-pentru-haine\\\/#breadcrumb\",\"itemListElement\":[{\"@type\":\"ListItem\",\"position\":1,\"name\":\"Startseite\",\"item\":\"https:\\\/\\\/www.catsalvacura.com\\\/ro\\\/\"},{\"@type\":\"ListItem\",\"position\":2,\"name\":\"Magazin\",\"item\":\"https:\\\/\\\/www.catsalvacura.com\\\/ro\\\/magazin\\\/\"},{\"@type\":\"ListItem\",\"position\":3,\"name\":\"Eliminator precis de p\u0103r, scame \u0219i praf pentru haine\"}]},{\"@type\":\"WebSite\",\"@id\":\"https:\\\/\\\/www.catsalvacura.com\\\/ro\\\/#website\",\"url\":\"https:\\\/\\\/www.catsalvacura.com\\\/ro\\\/\",\"name\":\"CatSalvaCura\",\"description\":\"\",\"potentialAction\":[{\"@type\":\"SearchAction\",\"target\":{\"@type\":\"EntryPoint\",\"urlTemplate\":\"https:\\\/\\\/www.catsalvacura.com\\\/ro\\\/?s={search_term_string}\"},\"query-input\":{\"@type\":\"PropertyValueSpecification\",\"valueRequired\":true,\"valueName\":\"search_term_string\"}}],\"inLanguage\":\"ro-RO\"}]}<\/script>\n<!-- \/ Yoast SEO plugin. -->","yoast_head_json":{"title":"Eliminator precis de p\u0103r, scame \u0219i praf pentru haine - CatSalvaCura","robots":{"index":"index","follow":"follow","max-snippet":"max-snippet:-1","max-image-preview":"max-image-preview:large","max-video-preview":"max-video-preview:-1"},"canonical":"https:\/\/www.catsalvacura.com\/ro\/produkt\/eliminator-precis-de-par-scame-si-praf-pentru-haine\/","og_locale":"ro_RO","og_type":"article","og_title":"Eliminator precis de p\u0103r, scame \u0219i praf pentru haine - CatSalvaCura","og_description":"Sus\u021bine\u021bi pisicile noastre","og_url":"https:\/\/www.catsalvacura.com\/ro\/produkt\/eliminator-precis-de-par-scame-si-praf-pentru-haine\/","og_site_name":"CatSalvaCura","article_modified_time":"2026-02-17T16:52:19+00:00","og_image":[{"width":1024,"height":1024,"url":"https:\/\/www.catsalvacura.com\/wp-content\/uploads\/2026\/02\/Bild_1-1024x1024.jpg","type":"image\/jpeg"}],"twitter_card":"summary_large_image","twitter_misc":{"Timp estimat pentru citire":"2 minute"},"schema":{"@context":"https:\/\/schema.org","@graph":[{"@type":"WebPage","@id":"https:\/\/www.catsalvacura.com\/ro\/produkt\/eliminator-precis-de-par-scame-si-praf-pentru-haine\/","url":"https:\/\/www.catsalvacura.com\/ro\/produkt\/eliminator-precis-de-par-scame-si-praf-pentru-haine\/","name":"Eliminator precis de p\u0103r, scame \u0219i praf pentru haine - CatSalvaCura","isPartOf":{"@id":"https:\/\/www.catsalvacura.com\/ro\/#website"},"primaryImageOfPage":{"@id":"https:\/\/www.catsalvacura.com\/ro\/produkt\/eliminator-precis-de-par-scame-si-praf-pentru-haine\/#primaryimage"},"image":{"@id":"https:\/\/www.catsalvacura.com\/ro\/produkt\/eliminator-precis-de-par-scame-si-praf-pentru-haine\/#primaryimage"},"thumbnailUrl":"https:\/\/www.catsalvacura.com\/wp-content\/uploads\/2026\/02\/Bild_1.jpg","datePublished":"2026-02-12T11:29:25+00:00","dateModified":"2026-02-17T16:52:19+00:00","breadcrumb":{"@id":"https:\/\/www.catsalvacura.com\/ro\/produkt\/eliminator-precis-de-par-scame-si-praf-pentru-haine\/#breadcrumb"},"inLanguage":"ro-RO","potentialAction":[{"@type":"ReadAction","target":["https:\/\/www.catsalvacura.com\/ro\/produkt\/eliminator-precis-de-par-scame-si-praf-pentru-haine\/"]}]},{"@type":"ImageObject","inLanguage":"ro-RO","@id":"https:\/\/www.catsalvacura.com\/ro\/produkt\/eliminator-precis-de-par-scame-si-praf-pentru-haine\/#primaryimage","url":"https:\/\/www.catsalvacura.com\/wp-content\/uploads\/2026\/02\/Bild_1.jpg","contentUrl":"https:\/\/www.catsalvacura.com\/wp-content\/uploads\/2026\/02\/Bild_1.jpg","width":1650,"height":1650,"caption":"Akkurate Outfit Haare-, Fussel- & Staub-Eliminator"},{"@type":"BreadcrumbList","@id":"https:\/\/www.catsalvacura.com\/ro\/produkt\/eliminator-precis-de-par-scame-si-praf-pentru-haine\/#breadcrumb","itemListElement":[{"@type":"ListItem","position":1,"name":"Startseite","item":"https:\/\/www.catsalvacura.com\/ro\/"},{"@type":"ListItem","position":2,"name":"Magazin","item":"https:\/\/www.catsalvacura.com\/ro\/magazin\/"},{"@type":"ListItem","position":3,"name":"Eliminator precis de p\u0103r, scame \u0219i praf pentru haine"}]},{"@type":"WebSite","@id":"https:\/\/www.catsalvacura.com\/ro\/#website","url":"https:\/\/www.catsalvacura.com\/ro\/","name":"CatSalvaCura","description":"","potentialAction":[{"@type":"SearchAction","target":{"@type":"EntryPoint","urlTemplate":"https:\/\/www.catsalvacura.com\/ro\/?s={search_term_string}"},"query-input":{"@type":"PropertyValueSpecification","valueRequired":true,"valueName":"search_term_string"}}],"inLanguage":"ro-RO"}]}},"_links":{"self":[{"href":"https:\/\/www.catsalvacura.com\/ro\/wp-json\/wp\/v2\/product\/27001522","targetHints":{"allow":["GET"]}}],"collection":[{"href":"https:\/\/www.catsalvacura.com\/ro\/wp-json\/wp\/v2\/product"}],"about":[{"href":"https:\/\/www.catsalvacura.com\/ro\/wp-json\/wp\/v2\/types\/product"}],"replies":[{"embeddable":true,"href":"https:\/\/www.catsalvacura.com\/ro\/wp-json\/wp\/v2\/comments?post=27001522"}],"wp:featuredmedia":[{"embeddable":true,"href":"https:\/\/www.catsalvacura.com\/ro\/wp-json\/wp\/v2\/media\/27001514"}],"wp:attachment":[{"href":"https:\/\/www.catsalvacura.com\/ro\/wp-json\/wp\/v2\/media?parent=27001522"}],"wp:term":[{"taxonomy":"product_brand","embeddable":true,"href":"https:\/\/www.catsalvacura.com\/ro\/wp-json\/wp\/v2\/product_brand?post=27001522"},{"taxonomy":"product_cat","embeddable":true,"href":"https:\/\/www.catsalvacura.com\/ro\/wp-json\/wp\/v2\/product_cat?post=27001522"},{"taxonomy":"product_tag","embeddable":true,"href":"https:\/\/www.catsalvacura.com\/ro\/wp-json\/wp\/v2\/product_tag?post=27001522"}],"curies":[{"name":"wp","href":"https:\/\/api.w.org\/{rel}","templated":true}]}}