{"id":27001461,"date":"2026-02-02T10:29:50","date_gmt":"2026-02-02T10:29:50","guid":{"rendered":"https:\/\/www.catsalvacura.com\/produkt\/die-katze-luni-ein-licht-in-dunkler-nacht\/"},"modified":"2026-02-05T14:22:37","modified_gmt":"2026-02-05T14:22:37","slug":"pisica-luni-o-lumina-in-noaptea-intunecata","status":"publish","type":"product","link":"https:\/\/www.catsalvacura.com\/ro\/produkt\/pisica-luni-o-lumina-in-noaptea-intunecata\/","title":{"rendered":"Pisica Luni &#8211; O lumin\u0103 \u00een noaptea \u00eentunecat\u0103"},"content":{"rendered":"<p>Pisica Luni &#8211; O lumin\u0103 \u00een noaptea \u00eentunecat\u0103. Povestea adev\u0103rat\u0103 a unei pisici despre compasiune \u0219i \u00eentoarcerea inimii. Aceast\u0103 carte d\u0103ruie\u0219te via\u021b\u0103. Fiecare achizi\u021bie sus\u021bine CatSalvaCura, ad\u0103postul pentru pisici din Moldova. Pentru Luni &#8211; Numai adev\u0103rul este etern.<\/p>\n","protected":false},"excerpt":{"rendered":"<p>Die Katze Luni &#8211; Ein Licht in dunkler Nacht. Die wahre Geschichte einer Katze \u00fcber Mitgef\u00fchl und die R\u00fcckkehr des Herzens. Dieses Buch schenkt Leben. Jeder Kauf unterst\u00fctzt CatSalvaCura, das Katzenrefugium in Moldavien. F\u00fcr Luni &#8211; Nur die Wahrheit ist ewig.<\/p>\n","protected":false},"featured_media":4544,"comment_status":"open","ping_status":"closed","template":"","meta":{"_acf_changed":false,"_et_pb_use_builder":"","_et_pb_old_content":"","_et_gb_content_width":""},"product_brand":[],"product_cat":[83],"product_tag":[],"class_list":{"0":"post-27001461","1":"product","2":"type-product","3":"status-publish","4":"has-post-thumbnail","6":"product_cat-buecher","8":"first","9":"outofstock","10":"taxable","11":"shipping-taxable","12":"purchasable","13":"product-type-variable"},"acf":[],"yoast_head":"<!-- This site is optimized with the Yoast SEO plugin v27.5 - https:\/\/yoast.com\/product\/yoast-seo-wordpress\/ -->\n<title>Pisica Luni - O lumin\u0103 \u00een noaptea \u00eentunecat\u0103 - CatSalvaCura<\/title>\n<meta name=\"robots\" content=\"index, follow, max-snippet:-1, max-image-preview:large, max-video-preview:-1\" \/>\n<link rel=\"canonical\" href=\"https:\/\/www.catsalvacura.com\/ro\/produkt\/pisica-luni-o-lumina-in-noaptea-intunecata\/\" \/>\n<meta property=\"og:locale\" content=\"ro_RO\" \/>\n<meta property=\"og:type\" content=\"article\" \/>\n<meta property=\"og:title\" content=\"Pisica Luni - O lumin\u0103 \u00een noaptea \u00eentunecat\u0103 - CatSalvaCura\" \/>\n<meta property=\"og:description\" content=\"Die Katze Luni - Ein Licht in dunkler Nacht. Die wahre Geschichte einer Katze \u00fcber Mitgef\u00fchl und die R\u00fcckkehr des Herzens. Dieses Buch schenkt Leben. Jeder Kauf unterst\u00fctzt CatSalvaCura, das Katzenrefugium in Moldavien. F\u00fcr Luni - Nur die Wahrheit ist ewig.\" \/>\n<meta property=\"og:url\" content=\"https:\/\/www.catsalvacura.com\/ro\/produkt\/pisica-luni-o-lumina-in-noaptea-intunecata\/\" \/>\n<meta property=\"og:site_name\" content=\"CatSalvaCura\" \/>\n<meta property=\"article:modified_time\" content=\"2026-02-05T14:22:37+00:00\" \/>\n<meta property=\"og:image\" content=\"https:\/\/www.catsalvacura.com\/wp-content\/uploads\/2026\/02\/Die_Katze_Luni_-_Ein_Licht_in_dunkler_Nacht.webp\" \/>\n\t<meta property=\"og:image:width\" content=\"386\" \/>\n\t<meta property=\"og:image:height\" content=\"500\" \/>\n\t<meta property=\"og:image:type\" content=\"image\/webp\" \/>\n<meta name=\"twitter:card\" content=\"summary_large_image\" \/>\n<meta name=\"twitter:label1\" content=\"Timp estimat pentru citire\" \/>\n\t<meta name=\"twitter:data1\" content=\"1 minut\" \/>\n<script type=\"application\/ld+json\" class=\"yoast-schema-graph\">{\"@context\":\"https:\\\/\\\/schema.org\",\"@graph\":[{\"@type\":\"WebPage\",\"@id\":\"https:\\\/\\\/www.catsalvacura.com\\\/ro\\\/produkt\\\/pisica-luni-o-lumina-in-noaptea-intunecata\\\/\",\"url\":\"https:\\\/\\\/www.catsalvacura.com\\\/ro\\\/produkt\\\/pisica-luni-o-lumina-in-noaptea-intunecata\\\/\",\"name\":\"Pisica Luni - O lumin\u0103 \u00een noaptea \u00eentunecat\u0103 - CatSalvaCura\",\"isPartOf\":{\"@id\":\"https:\\\/\\\/www.catsalvacura.com\\\/ro\\\/#website\"},\"primaryImageOfPage\":{\"@id\":\"https:\\\/\\\/www.catsalvacura.com\\\/ro\\\/produkt\\\/pisica-luni-o-lumina-in-noaptea-intunecata\\\/#primaryimage\"},\"image\":{\"@id\":\"https:\\\/\\\/www.catsalvacura.com\\\/ro\\\/produkt\\\/pisica-luni-o-lumina-in-noaptea-intunecata\\\/#primaryimage\"},\"thumbnailUrl\":\"https:\\\/\\\/www.catsalvacura.com\\\/wp-content\\\/uploads\\\/2026\\\/02\\\/Die_Katze_Luni_-_Ein_Licht_in_dunkler_Nacht.webp\",\"datePublished\":\"2026-02-02T10:29:50+00:00\",\"dateModified\":\"2026-02-05T14:22:37+00:00\",\"breadcrumb\":{\"@id\":\"https:\\\/\\\/www.catsalvacura.com\\\/ro\\\/produkt\\\/pisica-luni-o-lumina-in-noaptea-intunecata\\\/#breadcrumb\"},\"inLanguage\":\"ro-RO\",\"potentialAction\":[{\"@type\":\"ReadAction\",\"target\":[\"https:\\\/\\\/www.catsalvacura.com\\\/ro\\\/produkt\\\/pisica-luni-o-lumina-in-noaptea-intunecata\\\/\"]}]},{\"@type\":\"ImageObject\",\"inLanguage\":\"ro-RO\",\"@id\":\"https:\\\/\\\/www.catsalvacura.com\\\/ro\\\/produkt\\\/pisica-luni-o-lumina-in-noaptea-intunecata\\\/#primaryimage\",\"url\":\"https:\\\/\\\/www.catsalvacura.com\\\/wp-content\\\/uploads\\\/2026\\\/02\\\/Die_Katze_Luni_-_Ein_Licht_in_dunkler_Nacht.webp\",\"contentUrl\":\"https:\\\/\\\/www.catsalvacura.com\\\/wp-content\\\/uploads\\\/2026\\\/02\\\/Die_Katze_Luni_-_Ein_Licht_in_dunkler_Nacht.webp\",\"width\":386,\"height\":500,\"caption\":\"Die Katze Luni\"},{\"@type\":\"BreadcrumbList\",\"@id\":\"https:\\\/\\\/www.catsalvacura.com\\\/ro\\\/produkt\\\/pisica-luni-o-lumina-in-noaptea-intunecata\\\/#breadcrumb\",\"itemListElement\":[{\"@type\":\"ListItem\",\"position\":1,\"name\":\"Startseite\",\"item\":\"https:\\\/\\\/www.catsalvacura.com\\\/ro\\\/\"},{\"@type\":\"ListItem\",\"position\":2,\"name\":\"Magazin\",\"item\":\"https:\\\/\\\/www.catsalvacura.com\\\/ro\\\/magazin\\\/\"},{\"@type\":\"ListItem\",\"position\":3,\"name\":\"Pisica Luni &#8211; O lumin\u0103 \u00een noaptea \u00eentunecat\u0103\"}]},{\"@type\":\"WebSite\",\"@id\":\"https:\\\/\\\/www.catsalvacura.com\\\/ro\\\/#website\",\"url\":\"https:\\\/\\\/www.catsalvacura.com\\\/ro\\\/\",\"name\":\"CatSalvaCura\",\"description\":\"\",\"potentialAction\":[{\"@type\":\"SearchAction\",\"target\":{\"@type\":\"EntryPoint\",\"urlTemplate\":\"https:\\\/\\\/www.catsalvacura.com\\\/ro\\\/?s={search_term_string}\"},\"query-input\":{\"@type\":\"PropertyValueSpecification\",\"valueRequired\":true,\"valueName\":\"search_term_string\"}}],\"inLanguage\":\"ro-RO\"}]}<\/script>\n<!-- \/ Yoast SEO plugin. -->","yoast_head_json":{"title":"Pisica Luni - O lumin\u0103 \u00een noaptea \u00eentunecat\u0103 - CatSalvaCura","robots":{"index":"index","follow":"follow","max-snippet":"max-snippet:-1","max-image-preview":"max-image-preview:large","max-video-preview":"max-video-preview:-1"},"canonical":"https:\/\/www.catsalvacura.com\/ro\/produkt\/pisica-luni-o-lumina-in-noaptea-intunecata\/","og_locale":"ro_RO","og_type":"article","og_title":"Pisica Luni - O lumin\u0103 \u00een noaptea \u00eentunecat\u0103 - CatSalvaCura","og_description":"Die Katze Luni - Ein Licht in dunkler Nacht. Die wahre Geschichte einer Katze \u00fcber Mitgef\u00fchl und die R\u00fcckkehr des Herzens. Dieses Buch schenkt Leben. Jeder Kauf unterst\u00fctzt CatSalvaCura, das Katzenrefugium in Moldavien. F\u00fcr Luni - Nur die Wahrheit ist ewig.","og_url":"https:\/\/www.catsalvacura.com\/ro\/produkt\/pisica-luni-o-lumina-in-noaptea-intunecata\/","og_site_name":"CatSalvaCura","article_modified_time":"2026-02-05T14:22:37+00:00","og_image":[{"width":386,"height":500,"url":"https:\/\/www.catsalvacura.com\/wp-content\/uploads\/2026\/02\/Die_Katze_Luni_-_Ein_Licht_in_dunkler_Nacht.webp","type":"image\/webp"}],"twitter_card":"summary_large_image","twitter_misc":{"Timp estimat pentru citire":"1 minut"},"schema":{"@context":"https:\/\/schema.org","@graph":[{"@type":"WebPage","@id":"https:\/\/www.catsalvacura.com\/ro\/produkt\/pisica-luni-o-lumina-in-noaptea-intunecata\/","url":"https:\/\/www.catsalvacura.com\/ro\/produkt\/pisica-luni-o-lumina-in-noaptea-intunecata\/","name":"Pisica Luni - O lumin\u0103 \u00een noaptea \u00eentunecat\u0103 - CatSalvaCura","isPartOf":{"@id":"https:\/\/www.catsalvacura.com\/ro\/#website"},"primaryImageOfPage":{"@id":"https:\/\/www.catsalvacura.com\/ro\/produkt\/pisica-luni-o-lumina-in-noaptea-intunecata\/#primaryimage"},"image":{"@id":"https:\/\/www.catsalvacura.com\/ro\/produkt\/pisica-luni-o-lumina-in-noaptea-intunecata\/#primaryimage"},"thumbnailUrl":"https:\/\/www.catsalvacura.com\/wp-content\/uploads\/2026\/02\/Die_Katze_Luni_-_Ein_Licht_in_dunkler_Nacht.webp","datePublished":"2026-02-02T10:29:50+00:00","dateModified":"2026-02-05T14:22:37+00:00","breadcrumb":{"@id":"https:\/\/www.catsalvacura.com\/ro\/produkt\/pisica-luni-o-lumina-in-noaptea-intunecata\/#breadcrumb"},"inLanguage":"ro-RO","potentialAction":[{"@type":"ReadAction","target":["https:\/\/www.catsalvacura.com\/ro\/produkt\/pisica-luni-o-lumina-in-noaptea-intunecata\/"]}]},{"@type":"ImageObject","inLanguage":"ro-RO","@id":"https:\/\/www.catsalvacura.com\/ro\/produkt\/pisica-luni-o-lumina-in-noaptea-intunecata\/#primaryimage","url":"https:\/\/www.catsalvacura.com\/wp-content\/uploads\/2026\/02\/Die_Katze_Luni_-_Ein_Licht_in_dunkler_Nacht.webp","contentUrl":"https:\/\/www.catsalvacura.com\/wp-content\/uploads\/2026\/02\/Die_Katze_Luni_-_Ein_Licht_in_dunkler_Nacht.webp","width":386,"height":500,"caption":"Die Katze Luni"},{"@type":"BreadcrumbList","@id":"https:\/\/www.catsalvacura.com\/ro\/produkt\/pisica-luni-o-lumina-in-noaptea-intunecata\/#breadcrumb","itemListElement":[{"@type":"ListItem","position":1,"name":"Startseite","item":"https:\/\/www.catsalvacura.com\/ro\/"},{"@type":"ListItem","position":2,"name":"Magazin","item":"https:\/\/www.catsalvacura.com\/ro\/magazin\/"},{"@type":"ListItem","position":3,"name":"Pisica Luni &#8211; O lumin\u0103 \u00een noaptea \u00eentunecat\u0103"}]},{"@type":"WebSite","@id":"https:\/\/www.catsalvacura.com\/ro\/#website","url":"https:\/\/www.catsalvacura.com\/ro\/","name":"CatSalvaCura","description":"","potentialAction":[{"@type":"SearchAction","target":{"@type":"EntryPoint","urlTemplate":"https:\/\/www.catsalvacura.com\/ro\/?s={search_term_string}"},"query-input":{"@type":"PropertyValueSpecification","valueRequired":true,"valueName":"search_term_string"}}],"inLanguage":"ro-RO"}]}},"_links":{"self":[{"href":"https:\/\/www.catsalvacura.com\/ro\/wp-json\/wp\/v2\/product\/27001461","targetHints":{"allow":["GET"]}}],"collection":[{"href":"https:\/\/www.catsalvacura.com\/ro\/wp-json\/wp\/v2\/product"}],"about":[{"href":"https:\/\/www.catsalvacura.com\/ro\/wp-json\/wp\/v2\/types\/product"}],"replies":[{"embeddable":true,"href":"https:\/\/www.catsalvacura.com\/ro\/wp-json\/wp\/v2\/comments?post=27001461"}],"wp:featuredmedia":[{"embeddable":true,"href":"https:\/\/www.catsalvacura.com\/ro\/wp-json\/wp\/v2\/media\/4544"}],"wp:attachment":[{"href":"https:\/\/www.catsalvacura.com\/ro\/wp-json\/wp\/v2\/media?parent=27001461"}],"wp:term":[{"taxonomy":"product_brand","embeddable":true,"href":"https:\/\/www.catsalvacura.com\/ro\/wp-json\/wp\/v2\/product_brand?post=27001461"},{"taxonomy":"product_cat","embeddable":true,"href":"https:\/\/www.catsalvacura.com\/ro\/wp-json\/wp\/v2\/product_cat?post=27001461"},{"taxonomy":"product_tag","embeddable":true,"href":"https:\/\/www.catsalvacura.com\/ro\/wp-json\/wp\/v2\/product_tag?post=27001461"}],"curies":[{"name":"wp","href":"https:\/\/api.w.org\/{rel}","templated":true}]}}