{"id":4625,"date":"2026-02-02T09:46:48","date_gmt":"2026-02-02T09:46:48","guid":{"rendered":"https:\/\/www.catsalvacura.com\/widerruf_fuer_digitale_inhalte\/"},"modified":"2026-02-04T13:39:20","modified_gmt":"2026-02-04T13:39:20","slug":"widerruf_fuer_digitale_inhalte","status":"publish","type":"page","link":"https:\/\/www.catsalvacura.com\/ro\/widerruf_fuer_digitale_inhalte\/","title":{"rendered":"Revocarea pentru con\u021binut digital"},"content":{"rendered":"<p><b>Politica de revocare pentru un contract de livrare a con\u021binutului digital care nu este livrat pe un suport fizic de date<br \/>\n<\/b><i>Politica de revocare<\/i><br \/>\nUn consumator este orice persoan\u0103 fizic\u0103 care \u00eencheie o tranzac\u021bie legal\u0103 \u00een scopuri care nu sunt \u00een mod predominant comerciale \u0219i nici activitatea sa profesional\u0103 independent\u0103.<\/p>\n<p><i>Dreptul de retragere<\/i><br \/>\nAve\u021bi dreptul de a v\u0103 retrage din acest contract \u00een termen de paisprezece zile f\u0103r\u0103 a da niciun motiv. Perioada de retragere este de paisprezece zile de la data \u00eencheierii contractului. Pentru a v\u0103 exercita dreptul de retragere, trebuie s\u0103 ne informa\u021bi (Curatenia GmbH, Eldernstr. 55, 53909 Z\u00fclpich-B\u00fcrvenich, +49 170 874 26 08, mail@catsalvacura.com) cu privire la decizia dvs. de a v\u0103 retrage din acest contract printr-o declara\u021bie clar\u0103 (de exemplu, o scrisoare trimis\u0103 prin po\u0219t\u0103 sau un e-mail). Pute\u021bi utiliza formularul de retragere ata\u0219at \u00een acest scop, dar acest lucru nu este obligatoriu. Pentru a respecta termenul de retragere, este suficient s\u0103 trimite\u021bi notificarea privind exercitarea dreptului de retragere \u00eenainte de expirarea perioadei de retragere.<\/p>\n<p><i>Consecin\u021bele revoc\u0103rii<\/i><br \/>\nDac\u0103 v\u0103 retrage\u021bi din acest contract, v\u0103 vom rambursa toate pl\u0103\u021bile pe care le-am primit de la dvs., inclusiv costurile de livrare (cu excep\u021bia costurilor suplimentare rezultate din alegerea dvs. a unui tip de livrare diferit de livrarea standard cea mai ieftin\u0103 oferit\u0103 de noi), f\u0103r\u0103 \u00eent\u00e2rziere \u0219i cel t\u00e2rziu \u00een termen de paisprezece zile de la data la care primim notificarea dvs. de retragere din acest contract. Vom utiliza pentru aceast\u0103 rambursare acela\u0219i mijloc de plat\u0103 pe care l-a\u021bi utilizat pentru tranzac\u021bia ini\u021bial\u0103, cu excep\u021bia cazului \u00een care s-a convenit \u00een mod expres altfel cu dvs.; \u00een niciun caz nu vi se vor percepe taxe pentru aceast\u0103 rambursare.<\/p>\n<p><i>Model de formular de retragere<\/i><br \/>\n(Dac\u0103 dori\u021bi s\u0103 v\u0103 retrage\u021bi din contract, v\u0103 rug\u0103m s\u0103 completa\u021bi acest formular \u0219i s\u0103 ni-l returna\u021bi.)<br \/>\n&#8211; C\u0103tre Curatenia GmbH, Eldernstr. 55, 53909 Z\u00fclpich-B\u00fcrvenich, +49 170 874 26 08, mail@catsalvacura.com:<br \/>\n&#8211; Eu\/noi (*) revoc\u0103m prin prezenta contractul \u00eencheiat de mine\/noi (*) pentru achizi\u021bionarea urm\u0103toarelor bunuri (*)\/prestarea urm\u0103torului serviciu (*)<br \/>\n&#8211; Comandat la (*)\/primit la (*)<br \/>\n&#8211; Numele consumatorului (consumatorilor)<br \/>\n&#8211; Adresa consumatorului (consumatorilor)<br \/>\n&#8211; Semn\u0103tura consumatorului (consumatorilor) (numai pentru notific\u0103rile pe suport de h\u00e2rtie)<br \/>\n&#8211; Data<br \/>\n&#8212;&#8212;&#8212;&#8212;&#8212;&#8212;&#8212;&#8212;&#8212;&#8212;&#8212;&#8212;&#8212;<br \/>\n(*) Se \u0219terge dup\u0103 caz.<\/p>\n<p><i>Excluderea sau expirarea prematur\u0103 a dreptului de retragere<br \/>\n<\/i>Dreptul de retragere nu se aplic\u0103 contractelor pentru livrarea de con\u021binut digital care nu este prefabricat \u0219i pentru a c\u0103rui produc\u021bie este decisiv\u0103 o selec\u021bie sau o determinare individual\u0103 de c\u0103tre consumator sau care este clar adaptat\u0103 nevoilor personale ale consumatorului.<br \/>\nDreptul de retragere expir\u0103 prematur dac\u0103 am \u00eenceput deja s\u0103 execut\u0103m contractul dup\u0103 ce a) a\u021bi dat consim\u021b\u0103m\u00e2ntul expres \u0219i, \u00een acela\u0219i timp, a\u021bi confirmat c\u0103 sunte\u021bi con\u0219tient c\u0103 ve\u021bi pierde dreptul de retragere odat\u0103 cu \u00eenceperea execut\u0103rii contractului din partea noastr\u0103 \u0219i b) am pus la dispozi\u021bia dumneavoastr\u0103 con\u021binutul declara\u021biei dumneavoastr\u0103 pe un suport durabil \u00eentr-un termen rezonabil dup\u0103 \u00eencheierea contractului, dar cel t\u00e2rziu la livrarea bunurilor sau \u00eenainte de \u00eenceperea execut\u0103rii serviciului. Dorim s\u0103 subliniem c\u0103 putem condi\u021biona \u00eencheierea contractului de consim\u021b\u0103m\u00e2ntul \u0219i confirmarea men\u021bionate mai sus. Dreptul de retragere expir\u0103 prematur dac\u0103 am \u00eenceput s\u0103 execut\u0103m contractul numai dup\u0103 ce a\u021bi dat consim\u021b\u0103m\u00e2ntul expres \u0219i, \u00een acela\u0219i timp, a\u021bi confirmat c\u0103 sunte\u021bi con\u0219tient c\u0103 ve\u021bi pierde dreptul de retragere odat\u0103 cu \u00eenceperea execut\u0103rii contractului din partea noastr\u0103. Dorim s\u0103 subliniem c\u0103 putem condi\u021biona \u00eencheierea contractului de consim\u021b\u0103m\u00e2ntul \u0219i confirmarea men\u021bionate mai sus.<\/p>\n","protected":false},"excerpt":{"rendered":"<p>Politica de revocare pentru un contract de livrare a con\u021binutului digital care nu este livrat pe un suport fizic de date Politica de revocare Un consumator este orice persoan\u0103 fizic\u0103 care \u00eencheie o tranzac\u021bie legal\u0103 \u00een scopuri care nu sunt \u00een mod predominant comerciale \u0219i nici activitatea sa profesional\u0103 independent\u0103. Dreptul de retragere Ave\u021bi dreptul [&hellip;]<\/p>\n","protected":false},"author":2,"featured_media":0,"parent":0,"menu_order":0,"comment_status":"closed","ping_status":"closed","template":"","meta":{"_acf_changed":false,"_et_pb_use_builder":"","_et_pb_old_content":"","_et_gb_content_width":"","footnotes":""},"dipi_cpt_category":[],"class_list":["post-4625","page","type-page","status-publish","hentry"],"acf":[],"yoast_head":"<!-- This site is optimized with the Yoast SEO plugin v27.3 - https:\/\/yoast.com\/product\/yoast-seo-wordpress\/ -->\n<title>Revocarea pentru con\u021binut digital - CatSalvaCura<\/title>\n<meta name=\"robots\" content=\"index, follow, max-snippet:-1, max-image-preview:large, max-video-preview:-1\" \/>\n<link rel=\"canonical\" href=\"https:\/\/www.catsalvacura.com\/ro\/widerruf_fuer_digitale_inhalte\/\" \/>\n<meta property=\"og:locale\" content=\"ro_RO\" \/>\n<meta property=\"og:type\" content=\"article\" \/>\n<meta property=\"og:title\" content=\"Revocarea pentru con\u021binut digital - CatSalvaCura\" \/>\n<meta property=\"og:description\" content=\"Politica de revocare pentru un contract de livrare a con\u021binutului digital care nu este livrat pe un suport fizic de date Politica de revocare Un consumator este orice persoan\u0103 fizic\u0103 care \u00eencheie o tranzac\u021bie legal\u0103 \u00een scopuri care nu sunt \u00een mod predominant comerciale \u0219i nici activitatea sa profesional\u0103 independent\u0103. Dreptul de retragere Ave\u021bi dreptul [&hellip;]\" \/>\n<meta property=\"og:url\" content=\"https:\/\/www.catsalvacura.com\/ro\/widerruf_fuer_digitale_inhalte\/\" \/>\n<meta property=\"og:site_name\" content=\"CatSalvaCura\" \/>\n<meta property=\"article:modified_time\" content=\"2026-02-04T13:39:20+00:00\" \/>\n<meta name=\"twitter:card\" content=\"summary_large_image\" \/>\n<meta name=\"twitter:label1\" content=\"Timp estimat pentru citire\" \/>\n\t<meta name=\"twitter:data1\" content=\"4 minute\" \/>\n<script type=\"application\/ld+json\" class=\"yoast-schema-graph\">{\"@context\":\"https:\\\/\\\/schema.org\",\"@graph\":[{\"@type\":\"WebPage\",\"@id\":\"https:\\\/\\\/www.catsalvacura.com\\\/ro\\\/widerruf_fuer_digitale_inhalte\\\/\",\"url\":\"https:\\\/\\\/www.catsalvacura.com\\\/ro\\\/widerruf_fuer_digitale_inhalte\\\/\",\"name\":\"Revocarea pentru con\u021binut digital - CatSalvaCura\",\"isPartOf\":{\"@id\":\"https:\\\/\\\/www.catsalvacura.com\\\/ro\\\/#website\"},\"datePublished\":\"2026-02-02T09:46:48+00:00\",\"dateModified\":\"2026-02-04T13:39:20+00:00\",\"breadcrumb\":{\"@id\":\"https:\\\/\\\/www.catsalvacura.com\\\/ro\\\/widerruf_fuer_digitale_inhalte\\\/#breadcrumb\"},\"inLanguage\":\"ro-RO\",\"potentialAction\":[{\"@type\":\"ReadAction\",\"target\":[\"https:\\\/\\\/www.catsalvacura.com\\\/ro\\\/widerruf_fuer_digitale_inhalte\\\/\"]}]},{\"@type\":\"BreadcrumbList\",\"@id\":\"https:\\\/\\\/www.catsalvacura.com\\\/ro\\\/widerruf_fuer_digitale_inhalte\\\/#breadcrumb\",\"itemListElement\":[{\"@type\":\"ListItem\",\"position\":1,\"name\":\"Startseite\",\"item\":\"https:\\\/\\\/www.catsalvacura.com\\\/ro\\\/\"},{\"@type\":\"ListItem\",\"position\":2,\"name\":\"Revocarea pentru con\u021binut digital\"}]},{\"@type\":\"WebSite\",\"@id\":\"https:\\\/\\\/www.catsalvacura.com\\\/ro\\\/#website\",\"url\":\"https:\\\/\\\/www.catsalvacura.com\\\/ro\\\/\",\"name\":\"CatSalvaCura\",\"description\":\"\",\"potentialAction\":[{\"@type\":\"SearchAction\",\"target\":{\"@type\":\"EntryPoint\",\"urlTemplate\":\"https:\\\/\\\/www.catsalvacura.com\\\/ro\\\/?s={search_term_string}\"},\"query-input\":{\"@type\":\"PropertyValueSpecification\",\"valueRequired\":true,\"valueName\":\"search_term_string\"}}],\"inLanguage\":\"ro-RO\"}]}<\/script>\n<!-- \/ Yoast SEO plugin. -->","yoast_head_json":{"title":"Revocarea pentru con\u021binut digital - CatSalvaCura","robots":{"index":"index","follow":"follow","max-snippet":"max-snippet:-1","max-image-preview":"max-image-preview:large","max-video-preview":"max-video-preview:-1"},"canonical":"https:\/\/www.catsalvacura.com\/ro\/widerruf_fuer_digitale_inhalte\/","og_locale":"ro_RO","og_type":"article","og_title":"Revocarea pentru con\u021binut digital - CatSalvaCura","og_description":"Politica de revocare pentru un contract de livrare a con\u021binutului digital care nu este livrat pe un suport fizic de date Politica de revocare Un consumator este orice persoan\u0103 fizic\u0103 care \u00eencheie o tranzac\u021bie legal\u0103 \u00een scopuri care nu sunt \u00een mod predominant comerciale \u0219i nici activitatea sa profesional\u0103 independent\u0103. Dreptul de retragere Ave\u021bi dreptul [&hellip;]","og_url":"https:\/\/www.catsalvacura.com\/ro\/widerruf_fuer_digitale_inhalte\/","og_site_name":"CatSalvaCura","article_modified_time":"2026-02-04T13:39:20+00:00","twitter_card":"summary_large_image","twitter_misc":{"Timp estimat pentru citire":"4 minute"},"schema":{"@context":"https:\/\/schema.org","@graph":[{"@type":"WebPage","@id":"https:\/\/www.catsalvacura.com\/ro\/widerruf_fuer_digitale_inhalte\/","url":"https:\/\/www.catsalvacura.com\/ro\/widerruf_fuer_digitale_inhalte\/","name":"Revocarea pentru con\u021binut digital - CatSalvaCura","isPartOf":{"@id":"https:\/\/www.catsalvacura.com\/ro\/#website"},"datePublished":"2026-02-02T09:46:48+00:00","dateModified":"2026-02-04T13:39:20+00:00","breadcrumb":{"@id":"https:\/\/www.catsalvacura.com\/ro\/widerruf_fuer_digitale_inhalte\/#breadcrumb"},"inLanguage":"ro-RO","potentialAction":[{"@type":"ReadAction","target":["https:\/\/www.catsalvacura.com\/ro\/widerruf_fuer_digitale_inhalte\/"]}]},{"@type":"BreadcrumbList","@id":"https:\/\/www.catsalvacura.com\/ro\/widerruf_fuer_digitale_inhalte\/#breadcrumb","itemListElement":[{"@type":"ListItem","position":1,"name":"Startseite","item":"https:\/\/www.catsalvacura.com\/ro\/"},{"@type":"ListItem","position":2,"name":"Revocarea pentru con\u021binut digital"}]},{"@type":"WebSite","@id":"https:\/\/www.catsalvacura.com\/ro\/#website","url":"https:\/\/www.catsalvacura.com\/ro\/","name":"CatSalvaCura","description":"","potentialAction":[{"@type":"SearchAction","target":{"@type":"EntryPoint","urlTemplate":"https:\/\/www.catsalvacura.com\/ro\/?s={search_term_string}"},"query-input":{"@type":"PropertyValueSpecification","valueRequired":true,"valueName":"search_term_string"}}],"inLanguage":"ro-RO"}]}},"_links":{"self":[{"href":"https:\/\/www.catsalvacura.com\/ro\/wp-json\/wp\/v2\/pages\/4625","targetHints":{"allow":["GET"]}}],"collection":[{"href":"https:\/\/www.catsalvacura.com\/ro\/wp-json\/wp\/v2\/pages"}],"about":[{"href":"https:\/\/www.catsalvacura.com\/ro\/wp-json\/wp\/v2\/types\/page"}],"author":[{"embeddable":true,"href":"https:\/\/www.catsalvacura.com\/ro\/wp-json\/wp\/v2\/users\/2"}],"replies":[{"embeddable":true,"href":"https:\/\/www.catsalvacura.com\/ro\/wp-json\/wp\/v2\/comments?post=4625"}],"version-history":[{"count":3,"href":"https:\/\/www.catsalvacura.com\/ro\/wp-json\/wp\/v2\/pages\/4625\/revisions"}],"predecessor-version":[{"id":4641,"href":"https:\/\/www.catsalvacura.com\/ro\/wp-json\/wp\/v2\/pages\/4625\/revisions\/4641"}],"wp:attachment":[{"href":"https:\/\/www.catsalvacura.com\/ro\/wp-json\/wp\/v2\/media?parent=4625"}],"wp:term":[{"taxonomy":"dipi_cpt_category","embeddable":true,"href":"https:\/\/www.catsalvacura.com\/ro\/wp-json\/wp\/v2\/dipi_cpt_category?post=4625"}],"curies":[{"name":"wp","href":"https:\/\/api.w.org\/{rel}","templated":true}]}}