{"id":4610,"date":"2026-02-02T09:46:48","date_gmt":"2026-02-02T09:46:48","guid":{"rendered":"https:\/\/www.catsalvacura.com\/versand__lieferung\/"},"modified":"2026-02-04T14:23:18","modified_gmt":"2026-02-04T14:23:18","slug":"versand__lieferung","status":"publish","type":"page","link":"https:\/\/www.catsalvacura.com\/ro\/versand__lieferung\/","title":{"rendered":"Expediere \u0219i livrare"},"content":{"rendered":"<p><b>Pre\u021buri, costuri de expediere \u0219i informa\u021bii privind livrarea<\/b><\/p>\n<p>Pre\u021burile men\u021bionate pe paginile produselor includ taxa pe valoarea ad\u0103ugat\u0103 legal\u0103 \u0219i alte componente ale pre\u021bului.<\/p>\n<p>Livr\u0103m numai \u00een Germania.<\/p>\n<p>Livrarea \u00een Germania este gratuit\u0103. Costurile de expediere v\u0103 sunt comunicate \u00een mod clar \u00een co\u0219ul de cump\u0103r\u0103turi \u0219i pe pagina de comand\u0103.<\/p>\n<p>Pentru con\u021binutul digital (c\u0103r\u021bi electronice, software etc.) nu se percep costuri de expediere.<\/p>\n","protected":false},"excerpt":{"rendered":"<p>Pre\u021buri, costuri de expediere \u0219i informa\u021bii privind livrarea Pre\u021burile men\u021bionate pe paginile produselor includ taxa pe valoarea ad\u0103ugat\u0103 legal\u0103 \u0219i alte componente ale pre\u021bului. Livr\u0103m numai \u00een Germania. Livrarea \u00een Germania este gratuit\u0103. Costurile de expediere v\u0103 sunt comunicate \u00een mod clar \u00een co\u0219ul de cump\u0103r\u0103turi \u0219i pe pagina de comand\u0103. Pentru con\u021binutul digital (c\u0103r\u021bi [&hellip;]<\/p>\n","protected":false},"author":2,"featured_media":0,"parent":0,"menu_order":0,"comment_status":"closed","ping_status":"closed","template":"","meta":{"_acf_changed":false,"_et_pb_use_builder":"","_et_pb_old_content":"","_et_gb_content_width":"","footnotes":""},"dipi_cpt_category":[],"class_list":["post-4610","page","type-page","status-publish","hentry"],"acf":[],"yoast_head":"<!-- This site is optimized with the Yoast SEO plugin v27.5 - https:\/\/yoast.com\/product\/yoast-seo-wordpress\/ -->\n<title>Expediere \u0219i livrare - CatSalvaCura<\/title>\n<meta name=\"robots\" content=\"index, follow, max-snippet:-1, max-image-preview:large, max-video-preview:-1\" \/>\n<link rel=\"canonical\" href=\"https:\/\/www.catsalvacura.com\/ro\/versand__lieferung\/\" \/>\n<meta property=\"og:locale\" content=\"ro_RO\" \/>\n<meta property=\"og:type\" content=\"article\" \/>\n<meta property=\"og:title\" content=\"Expediere \u0219i livrare - CatSalvaCura\" \/>\n<meta property=\"og:description\" content=\"Pre\u021buri, costuri de expediere \u0219i informa\u021bii privind livrarea Pre\u021burile men\u021bionate pe paginile produselor includ taxa pe valoarea ad\u0103ugat\u0103 legal\u0103 \u0219i alte componente ale pre\u021bului. Livr\u0103m numai \u00een Germania. Livrarea \u00een Germania este gratuit\u0103. Costurile de expediere v\u0103 sunt comunicate \u00een mod clar \u00een co\u0219ul de cump\u0103r\u0103turi \u0219i pe pagina de comand\u0103. Pentru con\u021binutul digital (c\u0103r\u021bi [&hellip;]\" \/>\n<meta property=\"og:url\" content=\"https:\/\/www.catsalvacura.com\/ro\/versand__lieferung\/\" \/>\n<meta property=\"og:site_name\" content=\"CatSalvaCura\" \/>\n<meta property=\"article:modified_time\" content=\"2026-02-04T14:23:18+00:00\" \/>\n<meta name=\"twitter:card\" content=\"summary_large_image\" \/>\n<meta name=\"twitter:label1\" content=\"Timp estimat pentru citire\" \/>\n\t<meta name=\"twitter:data1\" content=\"1 minut\" \/>\n<script type=\"application\/ld+json\" class=\"yoast-schema-graph\">{\"@context\":\"https:\\\/\\\/schema.org\",\"@graph\":[{\"@type\":\"WebPage\",\"@id\":\"https:\\\/\\\/www.catsalvacura.com\\\/ro\\\/versand__lieferung\\\/\",\"url\":\"https:\\\/\\\/www.catsalvacura.com\\\/ro\\\/versand__lieferung\\\/\",\"name\":\"Expediere \u0219i livrare - CatSalvaCura\",\"isPartOf\":{\"@id\":\"https:\\\/\\\/www.catsalvacura.com\\\/ro\\\/#website\"},\"datePublished\":\"2026-02-02T09:46:48+00:00\",\"dateModified\":\"2026-02-04T14:23:18+00:00\",\"breadcrumb\":{\"@id\":\"https:\\\/\\\/www.catsalvacura.com\\\/ro\\\/versand__lieferung\\\/#breadcrumb\"},\"inLanguage\":\"ro-RO\",\"potentialAction\":[{\"@type\":\"ReadAction\",\"target\":[\"https:\\\/\\\/www.catsalvacura.com\\\/ro\\\/versand__lieferung\\\/\"]}]},{\"@type\":\"BreadcrumbList\",\"@id\":\"https:\\\/\\\/www.catsalvacura.com\\\/ro\\\/versand__lieferung\\\/#breadcrumb\",\"itemListElement\":[{\"@type\":\"ListItem\",\"position\":1,\"name\":\"Startseite\",\"item\":\"https:\\\/\\\/www.catsalvacura.com\\\/ro\\\/\"},{\"@type\":\"ListItem\",\"position\":2,\"name\":\"Expediere \u0219i livrare\"}]},{\"@type\":\"WebSite\",\"@id\":\"https:\\\/\\\/www.catsalvacura.com\\\/ro\\\/#website\",\"url\":\"https:\\\/\\\/www.catsalvacura.com\\\/ro\\\/\",\"name\":\"CatSalvaCura\",\"description\":\"\",\"potentialAction\":[{\"@type\":\"SearchAction\",\"target\":{\"@type\":\"EntryPoint\",\"urlTemplate\":\"https:\\\/\\\/www.catsalvacura.com\\\/ro\\\/?s={search_term_string}\"},\"query-input\":{\"@type\":\"PropertyValueSpecification\",\"valueRequired\":true,\"valueName\":\"search_term_string\"}}],\"inLanguage\":\"ro-RO\"}]}<\/script>\n<!-- \/ Yoast SEO plugin. -->","yoast_head_json":{"title":"Expediere \u0219i livrare - CatSalvaCura","robots":{"index":"index","follow":"follow","max-snippet":"max-snippet:-1","max-image-preview":"max-image-preview:large","max-video-preview":"max-video-preview:-1"},"canonical":"https:\/\/www.catsalvacura.com\/ro\/versand__lieferung\/","og_locale":"ro_RO","og_type":"article","og_title":"Expediere \u0219i livrare - CatSalvaCura","og_description":"Pre\u021buri, costuri de expediere \u0219i informa\u021bii privind livrarea Pre\u021burile men\u021bionate pe paginile produselor includ taxa pe valoarea ad\u0103ugat\u0103 legal\u0103 \u0219i alte componente ale pre\u021bului. Livr\u0103m numai \u00een Germania. Livrarea \u00een Germania este gratuit\u0103. Costurile de expediere v\u0103 sunt comunicate \u00een mod clar \u00een co\u0219ul de cump\u0103r\u0103turi \u0219i pe pagina de comand\u0103. Pentru con\u021binutul digital (c\u0103r\u021bi [&hellip;]","og_url":"https:\/\/www.catsalvacura.com\/ro\/versand__lieferung\/","og_site_name":"CatSalvaCura","article_modified_time":"2026-02-04T14:23:18+00:00","twitter_card":"summary_large_image","twitter_misc":{"Timp estimat pentru citire":"1 minut"},"schema":{"@context":"https:\/\/schema.org","@graph":[{"@type":"WebPage","@id":"https:\/\/www.catsalvacura.com\/ro\/versand__lieferung\/","url":"https:\/\/www.catsalvacura.com\/ro\/versand__lieferung\/","name":"Expediere \u0219i livrare - CatSalvaCura","isPartOf":{"@id":"https:\/\/www.catsalvacura.com\/ro\/#website"},"datePublished":"2026-02-02T09:46:48+00:00","dateModified":"2026-02-04T14:23:18+00:00","breadcrumb":{"@id":"https:\/\/www.catsalvacura.com\/ro\/versand__lieferung\/#breadcrumb"},"inLanguage":"ro-RO","potentialAction":[{"@type":"ReadAction","target":["https:\/\/www.catsalvacura.com\/ro\/versand__lieferung\/"]}]},{"@type":"BreadcrumbList","@id":"https:\/\/www.catsalvacura.com\/ro\/versand__lieferung\/#breadcrumb","itemListElement":[{"@type":"ListItem","position":1,"name":"Startseite","item":"https:\/\/www.catsalvacura.com\/ro\/"},{"@type":"ListItem","position":2,"name":"Expediere \u0219i livrare"}]},{"@type":"WebSite","@id":"https:\/\/www.catsalvacura.com\/ro\/#website","url":"https:\/\/www.catsalvacura.com\/ro\/","name":"CatSalvaCura","description":"","potentialAction":[{"@type":"SearchAction","target":{"@type":"EntryPoint","urlTemplate":"https:\/\/www.catsalvacura.com\/ro\/?s={search_term_string}"},"query-input":{"@type":"PropertyValueSpecification","valueRequired":true,"valueName":"search_term_string"}}],"inLanguage":"ro-RO"}]}},"_links":{"self":[{"href":"https:\/\/www.catsalvacura.com\/ro\/wp-json\/wp\/v2\/pages\/4610","targetHints":{"allow":["GET"]}}],"collection":[{"href":"https:\/\/www.catsalvacura.com\/ro\/wp-json\/wp\/v2\/pages"}],"about":[{"href":"https:\/\/www.catsalvacura.com\/ro\/wp-json\/wp\/v2\/types\/page"}],"author":[{"embeddable":true,"href":"https:\/\/www.catsalvacura.com\/ro\/wp-json\/wp\/v2\/users\/2"}],"replies":[{"embeddable":true,"href":"https:\/\/www.catsalvacura.com\/ro\/wp-json\/wp\/v2\/comments?post=4610"}],"version-history":[{"count":1,"href":"https:\/\/www.catsalvacura.com\/ro\/wp-json\/wp\/v2\/pages\/4610\/revisions"}],"predecessor-version":[{"id":4648,"href":"https:\/\/www.catsalvacura.com\/ro\/wp-json\/wp\/v2\/pages\/4610\/revisions\/4648"}],"wp:attachment":[{"href":"https:\/\/www.catsalvacura.com\/ro\/wp-json\/wp\/v2\/media?parent=4610"}],"wp:term":[{"taxonomy":"dipi_cpt_category","embeddable":true,"href":"https:\/\/www.catsalvacura.com\/ro\/wp-json\/wp\/v2\/dipi_cpt_category?post=4610"}],"curies":[{"name":"wp","href":"https:\/\/api.w.org\/{rel}","templated":true}]}}