{"id":4605,"date":"2026-02-02T09:46:49","date_gmt":"2026-02-02T09:46:49","guid":{"rendered":"https:\/\/www.catsalvacura.com\/zahlungsweisen\/"},"modified":"2026-02-04T13:20:04","modified_gmt":"2026-02-04T13:20:04","slug":"zahlungsweisen","status":"publish","type":"page","link":"https:\/\/www.catsalvacura.com\/ro\/zahlungsweisen\/","title":{"rendered":"Modalit\u0103\u021bi de plat\u0103"},"content":{"rendered":"<p><strong>Modalit\u0103\u021bi de plat\u0103<\/strong><\/p>\n<p>V\u0103 oferim urm\u0103toarele modalit\u0103\u021bi de plat\u0103. Alege\u021bi pur \u0219i simplu modalitatea de plat\u0103 optim\u0103 pentru dvs. Costurile de expediere depind par\u021bial de modalitatea de plat\u0103 aleas\u0103. Pre\u021burile indicate \u00een ofertele respective reprezint\u0103 pre\u021buri finale. Acestea includ toate componentele pre\u021bului, inclusiv eventualele taxe aplicabile, cum ar fi taxa pe valoarea ad\u0103ugat\u0103. Numai \u00een cazul livr\u0103rilor transfrontaliere, \u00een cazuri individuale, este posibil s\u0103 trebuiasc\u0103 s\u0103 pl\u0103ti\u021bi alte taxe (de exemplu, \u00een cazul unei achizi\u021bii intracomunitare) \u0219i\/sau impozite (de exemplu, taxe vamale), dar nu c\u0103tre v\u00e2nz\u0103tor, ci c\u0103tre autorit\u0103\u021bile vamale sau fiscale competente din \u021bara respectiv\u0103. Costurile de livrare \u0219i expediere nu sunt incluse \u00een pre\u021bul de achizi\u021bie, ele pot fi consultate pe pagina \u201eCosturi de expediere\u201d, sunt indicate separat \u00een timpul procesului de comand\u0103 \u0219i trebuie suportate suplimentar de c\u0103tre dumneavoastr\u0103.<\/p>\n<p><em>PayPal<\/em><\/p>\n<p>Pl\u0103ti\u021bi \u0219i mai rapid \u0219i mai sigur cu contul dvs. PayPal.<\/p>\n","protected":false},"excerpt":{"rendered":"<p>Modalit\u0103\u021bi de plat\u0103 V\u0103 oferim urm\u0103toarele modalit\u0103\u021bi de plat\u0103. Alege\u021bi pur \u0219i simplu modalitatea de plat\u0103 optim\u0103 pentru dvs. Costurile de expediere depind par\u021bial de modalitatea de plat\u0103 aleas\u0103. Pre\u021burile indicate \u00een ofertele respective reprezint\u0103 pre\u021buri finale. Acestea includ toate componentele pre\u021bului, inclusiv eventualele taxe aplicabile, cum ar fi taxa pe valoarea ad\u0103ugat\u0103. Numai \u00een [&hellip;]<\/p>\n","protected":false},"author":2,"featured_media":0,"parent":0,"menu_order":0,"comment_status":"closed","ping_status":"closed","template":"","meta":{"_acf_changed":false,"_et_pb_use_builder":"","_et_pb_old_content":"","_et_gb_content_width":"","footnotes":""},"dipi_cpt_category":[],"class_list":["post-4605","page","type-page","status-publish","hentry"],"acf":[],"yoast_head":"<!-- This site is optimized with the Yoast SEO plugin v27.3 - https:\/\/yoast.com\/product\/yoast-seo-wordpress\/ -->\n<title>Modalit\u0103\u021bi de plat\u0103 - CatSalvaCura<\/title>\n<meta name=\"robots\" content=\"index, follow, max-snippet:-1, max-image-preview:large, max-video-preview:-1\" \/>\n<link rel=\"canonical\" href=\"https:\/\/www.catsalvacura.com\/ro\/zahlungsweisen\/\" \/>\n<meta property=\"og:locale\" content=\"ro_RO\" \/>\n<meta property=\"og:type\" content=\"article\" \/>\n<meta property=\"og:title\" content=\"Modalit\u0103\u021bi de plat\u0103 - CatSalvaCura\" \/>\n<meta property=\"og:description\" content=\"Modalit\u0103\u021bi de plat\u0103 V\u0103 oferim urm\u0103toarele modalit\u0103\u021bi de plat\u0103. Alege\u021bi pur \u0219i simplu modalitatea de plat\u0103 optim\u0103 pentru dvs. Costurile de expediere depind par\u021bial de modalitatea de plat\u0103 aleas\u0103. Pre\u021burile indicate \u00een ofertele respective reprezint\u0103 pre\u021buri finale. Acestea includ toate componentele pre\u021bului, inclusiv eventualele taxe aplicabile, cum ar fi taxa pe valoarea ad\u0103ugat\u0103. Numai \u00een [&hellip;]\" \/>\n<meta property=\"og:url\" content=\"https:\/\/www.catsalvacura.com\/ro\/zahlungsweisen\/\" \/>\n<meta property=\"og:site_name\" content=\"CatSalvaCura\" \/>\n<meta property=\"article:modified_time\" content=\"2026-02-04T13:20:04+00:00\" \/>\n<meta name=\"twitter:card\" content=\"summary_large_image\" \/>\n<meta name=\"twitter:label1\" content=\"Timp estimat pentru citire\" \/>\n\t<meta name=\"twitter:data1\" content=\"1 minut\" \/>\n<script type=\"application\/ld+json\" class=\"yoast-schema-graph\">{\"@context\":\"https:\\\/\\\/schema.org\",\"@graph\":[{\"@type\":\"WebPage\",\"@id\":\"https:\\\/\\\/www.catsalvacura.com\\\/ro\\\/zahlungsweisen\\\/\",\"url\":\"https:\\\/\\\/www.catsalvacura.com\\\/ro\\\/zahlungsweisen\\\/\",\"name\":\"Modalit\u0103\u021bi de plat\u0103 - CatSalvaCura\",\"isPartOf\":{\"@id\":\"https:\\\/\\\/www.catsalvacura.com\\\/ro\\\/#website\"},\"datePublished\":\"2026-02-02T09:46:49+00:00\",\"dateModified\":\"2026-02-04T13:20:04+00:00\",\"breadcrumb\":{\"@id\":\"https:\\\/\\\/www.catsalvacura.com\\\/ro\\\/zahlungsweisen\\\/#breadcrumb\"},\"inLanguage\":\"ro-RO\",\"potentialAction\":[{\"@type\":\"ReadAction\",\"target\":[\"https:\\\/\\\/www.catsalvacura.com\\\/ro\\\/zahlungsweisen\\\/\"]}]},{\"@type\":\"BreadcrumbList\",\"@id\":\"https:\\\/\\\/www.catsalvacura.com\\\/ro\\\/zahlungsweisen\\\/#breadcrumb\",\"itemListElement\":[{\"@type\":\"ListItem\",\"position\":1,\"name\":\"Startseite\",\"item\":\"https:\\\/\\\/www.catsalvacura.com\\\/ro\\\/\"},{\"@type\":\"ListItem\",\"position\":2,\"name\":\"Modalit\u0103\u021bi de plat\u0103\"}]},{\"@type\":\"WebSite\",\"@id\":\"https:\\\/\\\/www.catsalvacura.com\\\/ro\\\/#website\",\"url\":\"https:\\\/\\\/www.catsalvacura.com\\\/ro\\\/\",\"name\":\"CatSalvaCura\",\"description\":\"\",\"potentialAction\":[{\"@type\":\"SearchAction\",\"target\":{\"@type\":\"EntryPoint\",\"urlTemplate\":\"https:\\\/\\\/www.catsalvacura.com\\\/ro\\\/?s={search_term_string}\"},\"query-input\":{\"@type\":\"PropertyValueSpecification\",\"valueRequired\":true,\"valueName\":\"search_term_string\"}}],\"inLanguage\":\"ro-RO\"}]}<\/script>\n<!-- \/ Yoast SEO plugin. -->","yoast_head_json":{"title":"Modalit\u0103\u021bi de plat\u0103 - CatSalvaCura","robots":{"index":"index","follow":"follow","max-snippet":"max-snippet:-1","max-image-preview":"max-image-preview:large","max-video-preview":"max-video-preview:-1"},"canonical":"https:\/\/www.catsalvacura.com\/ro\/zahlungsweisen\/","og_locale":"ro_RO","og_type":"article","og_title":"Modalit\u0103\u021bi de plat\u0103 - CatSalvaCura","og_description":"Modalit\u0103\u021bi de plat\u0103 V\u0103 oferim urm\u0103toarele modalit\u0103\u021bi de plat\u0103. Alege\u021bi pur \u0219i simplu modalitatea de plat\u0103 optim\u0103 pentru dvs. Costurile de expediere depind par\u021bial de modalitatea de plat\u0103 aleas\u0103. Pre\u021burile indicate \u00een ofertele respective reprezint\u0103 pre\u021buri finale. Acestea includ toate componentele pre\u021bului, inclusiv eventualele taxe aplicabile, cum ar fi taxa pe valoarea ad\u0103ugat\u0103. Numai \u00een [&hellip;]","og_url":"https:\/\/www.catsalvacura.com\/ro\/zahlungsweisen\/","og_site_name":"CatSalvaCura","article_modified_time":"2026-02-04T13:20:04+00:00","twitter_card":"summary_large_image","twitter_misc":{"Timp estimat pentru citire":"1 minut"},"schema":{"@context":"https:\/\/schema.org","@graph":[{"@type":"WebPage","@id":"https:\/\/www.catsalvacura.com\/ro\/zahlungsweisen\/","url":"https:\/\/www.catsalvacura.com\/ro\/zahlungsweisen\/","name":"Modalit\u0103\u021bi de plat\u0103 - CatSalvaCura","isPartOf":{"@id":"https:\/\/www.catsalvacura.com\/ro\/#website"},"datePublished":"2026-02-02T09:46:49+00:00","dateModified":"2026-02-04T13:20:04+00:00","breadcrumb":{"@id":"https:\/\/www.catsalvacura.com\/ro\/zahlungsweisen\/#breadcrumb"},"inLanguage":"ro-RO","potentialAction":[{"@type":"ReadAction","target":["https:\/\/www.catsalvacura.com\/ro\/zahlungsweisen\/"]}]},{"@type":"BreadcrumbList","@id":"https:\/\/www.catsalvacura.com\/ro\/zahlungsweisen\/#breadcrumb","itemListElement":[{"@type":"ListItem","position":1,"name":"Startseite","item":"https:\/\/www.catsalvacura.com\/ro\/"},{"@type":"ListItem","position":2,"name":"Modalit\u0103\u021bi de plat\u0103"}]},{"@type":"WebSite","@id":"https:\/\/www.catsalvacura.com\/ro\/#website","url":"https:\/\/www.catsalvacura.com\/ro\/","name":"CatSalvaCura","description":"","potentialAction":[{"@type":"SearchAction","target":{"@type":"EntryPoint","urlTemplate":"https:\/\/www.catsalvacura.com\/ro\/?s={search_term_string}"},"query-input":{"@type":"PropertyValueSpecification","valueRequired":true,"valueName":"search_term_string"}}],"inLanguage":"ro-RO"}]}},"_links":{"self":[{"href":"https:\/\/www.catsalvacura.com\/ro\/wp-json\/wp\/v2\/pages\/4605","targetHints":{"allow":["GET"]}}],"collection":[{"href":"https:\/\/www.catsalvacura.com\/ro\/wp-json\/wp\/v2\/pages"}],"about":[{"href":"https:\/\/www.catsalvacura.com\/ro\/wp-json\/wp\/v2\/types\/page"}],"author":[{"embeddable":true,"href":"https:\/\/www.catsalvacura.com\/ro\/wp-json\/wp\/v2\/users\/2"}],"replies":[{"embeddable":true,"href":"https:\/\/www.catsalvacura.com\/ro\/wp-json\/wp\/v2\/comments?post=4605"}],"version-history":[{"count":2,"href":"https:\/\/www.catsalvacura.com\/ro\/wp-json\/wp\/v2\/pages\/4605\/revisions"}],"predecessor-version":[{"id":4634,"href":"https:\/\/www.catsalvacura.com\/ro\/wp-json\/wp\/v2\/pages\/4605\/revisions\/4634"}],"wp:attachment":[{"href":"https:\/\/www.catsalvacura.com\/ro\/wp-json\/wp\/v2\/media?parent=4605"}],"wp:term":[{"taxonomy":"dipi_cpt_category","embeddable":true,"href":"https:\/\/www.catsalvacura.com\/ro\/wp-json\/wp\/v2\/dipi_cpt_category?post=4605"}],"curies":[{"name":"wp","href":"https:\/\/api.w.org\/{rel}","templated":true}]}}