{"id":3983,"date":"2022-12-14T06:56:49","date_gmt":"2022-12-14T06:56:49","guid":{"rendered":"https:\/\/www.catsalvacura.com\/faq\/"},"modified":"2025-11-20T14:58:17","modified_gmt":"2025-11-20T14:58:17","slug":"faq","status":"publish","type":"page","link":"https:\/\/www.catsalvacura.com\/ro\/faq\/","title":{"rendered":"FAQ"},"content":{"rendered":"<p>[et_pb_section fb_built=&#8221;1&#8243; custom_padding_last_edited=&#8221;off|desktop&#8221; _builder_version=&#8221;4.27.4&#8243; _module_preset=&#8221;default&#8221; background_color=&#8221;#BFF0FD&#8221; background_image=&#8221;https:\/\/www.catsalvacura.com\/wp-content\/uploads\/2025\/02\/dp-vetcare-bg.jpg&#8221; custom_padding=&#8221;150px||150px||true|false&#8221; custom_padding_tablet=&#8221;270px||140px||false|false&#8221; custom_padding_phone=&#8221;200px||||false|false&#8221; hover_enabled=&#8221;0&#8243; border_width_bottom=&#8221;10px&#8221; border_color_bottom=&#8221;#1ECBF8&#8243; locked=&#8221;off&#8221; collapsed=&#8221;off&#8221; global_colors_info=&#8221;{}&#8221; title_text=&#8221;dp-vetcare-bg&#8221; sticky_enabled=&#8221;0&#8243;][et_pb_row _builder_version=&#8221;4.17.3&#8243; _module_preset=&#8221;default&#8221; locked=&#8221;off&#8221; global_colors_info=&#8221;{}&#8221;][et_pb_column type=&#8221;4_4&#8243; _builder_version=&#8221;4.17.3&#8243; _module_preset=&#8221;default&#8221; global_colors_info=&#8221;{}&#8221;][et_pb_text _builder_version=&#8221;4.27.4&#8243; _module_preset=&#8221;default&#8221; text_font=&#8221;Poppins|600||on|||||&#8221; text_text_color=&#8221;#1ECBF8&#8243; text_font_size=&#8221;18px&#8221; text_letter_spacing=&#8221;4px&#8221; text_orientation=&#8221;center&#8221; custom_margin=&#8221;||20px||false|false&#8221; custom_margin_tablet=&#8221;||20px||false|false&#8221; custom_margin_phone=&#8221;||15px||false|false&#8221; custom_margin_last_edited=&#8221;on|phone&#8221; text_font_size_tablet=&#8221;18px&#8221; text_font_size_phone=&#8221;14px&#8221; text_font_size_last_edited=&#8221;on|phone&#8221; text_letter_spacing_tablet=&#8221;4px&#8221; text_letter_spacing_phone=&#8221;2px&#8221; text_letter_spacing_last_edited=&#8221;on|phone&#8221; locked=&#8221;off&#8221; global_colors_info=&#8221;{}&#8221;]<\/p>\n<p>CatSalvaCura<\/p>\n<p>[\/et_pb_text][et_pb_text _builder_version=&#8221;4.19.3&#8243; _module_preset=&#8221;default&#8221; header_font=&#8221;Chau Philomene One|700||on|||||&#8221; header_text_align=&#8221;center&#8221; header_text_color=&#8221;#25212B&#8221; header_font_size=&#8221;85px&#8221; header_line_height=&#8221;1.2em&#8221; module_alignment=&#8221;center&#8221; custom_margin=&#8221;||||false|false&#8221; header_font_size_tablet=&#8221;65px&#8221; header_font_size_phone=&#8221;50px&#8221; header_font_size_last_edited=&#8221;on|phone&#8221; global_colors_info=&#8221;{}&#8221;]<\/p>\n<h1>FAQ<\/h1>\n<p>[\/et_pb_text][\/et_pb_column][\/et_pb_row][\/et_pb_section][et_pb_section fb_built=&#8221;1&#8243; _builder_version=&#8221;4.17.3&#8243; _module_preset=&#8221;default&#8221; custom_padding=&#8221;||0px||false|false&#8221; locked=&#8221;off&#8221; global_colors_info=&#8221;{}&#8221;][et_pb_row _builder_version=&#8221;4.19.3&#8243; _module_preset=&#8221;default&#8221; custom_margin=&#8221;-110px||||false|false&#8221; custom_margin_tablet=&#8221;-90px||||false|false&#8221; custom_margin_phone=&#8221;-85px||||false|false&#8221; custom_margin_last_edited=&#8221;on|tablet&#8221; custom_padding=&#8221;0px||0px||true|false&#8221; global_colors_info=&#8221;{}&#8221;][et_pb_column type=&#8221;4_4&#8243; _builder_version=&#8221;4.17.3&#8243; _module_preset=&#8221;default&#8221; global_colors_info=&#8221;{}&#8221;][dipi_breadcrumbs hide_home=&#8221;on&#8221; bc_items_alignment=&#8221;dipi-bc-center&#8221; bc_separator_color=&#8221;RGBA(255,255,255,0.8)&#8221; module_class=&#8221;dp-breadcrumb-shake-top&#8221; _builder_version=&#8221;4.27.4&#8243; _module_preset=&#8221;default&#8221; items_font=&#8221;Poppins|||on|||||&#8221; items_text_color=&#8221;rgba(255,255,255,0.8)&#8221; items_font_size=&#8221;14px&#8221; hover_text_color=&#8221;#FFFFFF&#8221; active_text_color=&#8221;#FFFFFF&#8221; background_image=&#8221;https:\/\/www.catsalvacura.com\/wp-content\/uploads\/2025\/02\/breadcrums-bg-1-1-1.svg&#8221; background_size=&#8221;contain&#8221; custom_padding=&#8221;80px||20px||false|false&#8221; custom_padding_tablet=&#8221;80px||20px||false|false&#8221; custom_padding_phone=&#8221;60px||13px||false|false&#8221; custom_padding_last_edited=&#8221;on|phone&#8221; hover_enabled=&#8221;0&#8243; items_font_size_tablet=&#8221;14px&#8221; items_font_size_phone=&#8221;12px&#8221; items_font_size_last_edited=&#8221;on|phone&#8221; global_colors_info=&#8221;{}&#8221; title_text=&#8221;breadcrums-bg-1-1&#8243; sticky_enabled=&#8221;0&#8243;][\/dipi_breadcrumbs][\/et_pb_column][\/et_pb_row][\/et_pb_section][et_pb_section fb_built=&#8221;1&#8243; _builder_version=&#8221;4.19.4&#8243; _module_preset=&#8221;default&#8221; global_colors_info=&#8221;{}&#8221;][et_pb_row column_structure=&#8221;1_2,1_2&#8243; _builder_version=&#8221;4.19.3&#8243; _module_preset=&#8221;default&#8221; custom_margin=&#8221;||50px||false|false&#8221; global_colors_info=&#8221;{}&#8221;][et_pb_column type=&#8221;1_2&#8243; _builder_version=&#8221;4.19.3&#8243; _module_preset=&#8221;default&#8221; global_colors_info=&#8221;{}&#8221;][dipi_faq faq_categories=&#8221;15&#8243; faq_layout=&#8221;accordion&#8221; accordion_open_first=&#8221;on&#8221; accordion_close_all=&#8221;on&#8221; icon_animate=&#8221;on&#8221; icon_closed=&#8221;&#x35;||divi||400&#8243; icon_open=&#8221;&#x32;||divi||400&#8243; icon_open_color=&#8221;#1ECBF8&#8243; icon_closed_color=&#8221;#1ECBF8&#8243; entry_background_closed=&#8221;#FAFAFA&#8221; entry_background_open=&#8221;#FAFAFA&#8221; entry_margin_closed=&#8221;||15px||false|false&#8221; entry_padding_closed=&#8221;5px||5px||true|false&#8221; _builder_version=&#8221;4.27.4&#8243; _module_preset=&#8221;default&#8221; title_closed_font=&#8221;Chau Philomene One|||on|||||&#8221; title_closed_text_color=&#8221;#25212B&#8221; title_closed_font_size=&#8221;17px&#8221; content_closed_font=&#8221;Poppins||||||||&#8221; content_closed_text_color=&#8221;rgba(37,33,43,0.66)&#8221; content_closed_font_size=&#8221;14px&#8221; content_closed_line_height=&#8221;1.9em&#8221; border_radii_entries_closed=&#8221;on|10px|10px|10px|10px&#8221; border_color_all_entries_closed=&#8221;RGBA(255,255,255,0)&#8221; global_colors_info=&#8221;{}&#8221;][\/dipi_faq][\/et_pb_column][et_pb_column type=&#8221;1_2&#8243; _builder_version=&#8221;4.19.3&#8243; _module_preset=&#8221;default&#8221; global_colors_info=&#8221;{}&#8221;][dipi_faq faq_categories=&#8221;16&#8243; faq_layout=&#8221;accordion&#8221; accordion_close_all=&#8221;on&#8221; icon_animate=&#8221;on&#8221; icon_closed=&#8221;&#x35;||divi||400&#8243; icon_open=&#8221;&#x32;||divi||400&#8243; icon_open_color=&#8221;#1ECBF8&#8243; icon_closed_color=&#8221;#1ECBF8&#8243; entry_background_closed=&#8221;#FAFAFA&#8221; entry_background_open=&#8221;#FAFAFA&#8221; entry_margin_closed=&#8221;||15px||false|false&#8221; entry_padding_closed=&#8221;5px||5px||true|false&#8221; _builder_version=&#8221;4.27.4&#8243; _module_preset=&#8221;default&#8221; title_closed_font=&#8221;Chau Philomene One|||on|||||&#8221; title_closed_text_color=&#8221;#25212B&#8221; title_closed_font_size=&#8221;17px&#8221; content_closed_font=&#8221;Poppins||||||||&#8221; content_closed_text_color=&#8221;rgba(37,33,43,0.66)&#8221; content_closed_font_size=&#8221;14px&#8221; content_closed_line_height=&#8221;1.9em&#8221; border_radii_entries_closed=&#8221;on|10px|10px|10px|10px&#8221; border_color_all_entries_closed=&#8221;RGBA(255,255,255,0)&#8221; global_colors_info=&#8221;{}&#8221;][\/dipi_faq][\/et_pb_column][\/et_pb_row][\/et_pb_section]<\/p>\n","protected":false},"excerpt":{"rendered":"<p>CatSalvaCuraFAQ<div class=\"et_pb_module dipi_breadcrumbs dipi_breadcrumbs_0 dp-breadcrumb-shake-top\">\n\t\t\t\t\n\t\t\t\t\n\t\t\t\t\n\t\t\t\t\n\t\t\t\t\n\t\t\t\t\n\t\t\t\t<div class=\"et_pb_module_inner\">\n\t\t\t\t\t<div class=\"dipi-breadcrumbs dipi-bc-center\">\n                <ul >\n                    \n                                                \n                <\/ul>\n            <\/div>\n\t\t\t\t<\/div>\n\t\t\t<\/div><div class=\"et_pb_with_border et_pb_module dipi_faq dipi_faq_0\">\n\t\t\t\t\n\t\t\t\t\n\t\t\t\t\n\t\t\t\t\n\t\t\t\t\n\t\t\t\t\n\t\t\t\t<div class=\"et_pb_module_inner\">\n\t\t\t\t\t<div class=\"dipi-faq-wrapper dipi-faq-accordion loading \" style=\"display: none;\" data-config=\"{&quot;layout&quot;:&quot;accordion&quot;,&quot;open_first&quot;:true,&quot;close_all&quot;:true}\">\n\t\t\t\t<script type=\"application\/ld+json\">{\"@context\":\"https:\\\/\\\/schema.org\",\"@type\":\"FAQPage\",\"@id\":false,\"mainEntity\":[{\"@type\":\"Question\",\"name\":\"Ce cerin\\u021be trebuie s\\u0103 \\u00eendeplinesc pentru a adopta?\",\"acceptedAnswer\":{\"@type\":\"Answer\",\"text\":\"<p>C\\u0103ut\\u0103m persoane responsabile care s\\u0103 poat\\u0103 oferi pisicii noastre o cas\\u0103 iubitoare \\u0219i sigur\\u0103. \\u00cen mod ideal, ave\\u021bi experien\\u021b\\u0103 cu pisicile sau sunte\\u021bi dispu\\u0219i s\\u0103 v\\u0103 familiariza\\u021bi intens cu nevoile acestora. Un balcon sau o gr\\u0103din\\u0103 securizat\\u0103 este un avantaj, dar nu o cerin\\u021b\\u0103 obligatorie.  <\\\/p>\\n\"}},{\"@type\":\"Question\",\"name\":\"Ce costuri implic\\u0103 adop\\u021bia?\",\"acceptedAnswer\":{\"@type\":\"Answer\",\"text\":\"<p>Se percepe o <strong data-start=\\\"1546\\\" data-end=\\\"1562\\\">tax\\u0103 de protec\\u021bie<\\\/strong> care acoper\\u0103 \\u00eengrijirea veterinar\\u0103, castrarea, vaccinurile \\u0219i costurile de transport. Valoarea exact\\u0103 depinde de pisic\\u0103 \\u0219i v\\u0103 va fi comunicat\\u0103 \\u00een prealabil. <\\\/p>\\n\"}},{\"@type\":\"Question\",\"name\":\"Cum decurge adop\\u021bia unei pisici?\",\"acceptedAnswer\":{\"@type\":\"Answer\",\"text\":\"<p data-start=\\\"100\\\" data-end=\\\"149\\\">Procesul de adop\\u021bie include urm\\u0103torii pa\\u0219i:<\\\/p>\\n<ul data-start=\\\"150\\\" data-end=\\\"819\\\">\\n<li data-start=\\\"150\\\" data-end=\\\"267\\\"><strong data-start=\\\"152\\\" data-end=\\\"175\\\">Cerere \\u0219i consultan\\u021b\\u0103:<\\\/strong> Ne contacta\\u021bi cu declara\\u021bia dumneavoastr\\u0103 de interes. V\\u0103 oferim consultan\\u021b\\u0103 cu privire la pisicile potrivite. <\\\/li>\\n<li data-start=\\\"268\\\" data-end=\\\"392\\\"><strong data-start=\\\"270\\\" data-end=\\\"295\\\">Discu\\u021bie de plasament:<\\\/strong> \\u00centr-o discu\\u021bie personal\\u0103, v\\u0103 clarific\\u0103m \\u00eentreb\\u0103rile \\u0219i verific\\u0103m dac\\u0103 pisica vi se potrive\\u0219te.<\\\/li>\\n<li data-start=\\\"393\\\" data-end=\\\"545\\\"><strong data-start=\\\"395\\\" data-end=\\\"412\\\">Verificare prealabil\\u0103:<\\\/strong> Efectu\\u0103m o verificare prealabil\\u0103 virtual\\u0103 sau personal\\u0103 pentru a ne asigura c\\u0103 pisica ajunge \\u00eentr-o cas\\u0103 potrivit\\u0103.<\\\/li>\\n<li data-start=\\\"546\\\" data-end=\\\"673\\\"><strong data-start=\\\"548\\\" data-end=\\\"575\\\">Contract \\u0219i tax\\u0103 de protec\\u021bie:<\\\/strong> Dup\\u0103 o verificare reu\\u0219it\\u0103, se \\u00eencheie un contract de protec\\u021bie \\u0219i se percepe o tax\\u0103 de protec\\u021bie.<\\\/li>\\n<li data-start=\\\"674\\\" data-end=\\\"819\\\"><strong data-start=\\\"676\\\" data-end=\\\"701\\\">Transport \\u0219i predare:<\\\/strong> Pisica c\\u0103l\\u0103tore\\u0219te legal \\u00een Germania cu toate documentele necesare \\u0219i v\\u0103 este predat\\u0103 dumneavoastr\\u0103 sau unei sta\\u021bii de preluare.<\\\/li>\\n<\\\/ul>\\n\"}},{\"@type\":\"Question\",\"name\":\"Sunt pisicile s\\u0103n\\u0103toase \\u0219i examinate de un medic veterinar?\",\"acceptedAnswer\":{\"@type\":\"Answer\",\"text\":\"<p>Da, toate pisicile sunt examinate de un medic veterinar, vaccinate, deparazitate \\u0219i sterilizate (cu excep\\u021bia pisoilor foarte mici) \\u00eenainte de adop\\u021bie. Ele de\\u021bin un pa\\u0219aport european pentru animale de companie \\u0219i c\\u0103l\\u0103toresc cu toate documentele necesare. <\\\/p>\\n\"}}]}<\/script><div class=\"dipi-faq-entry\" data-entry-number=\"0\">\n                        <div class=\"dipi-faq-title\"><i class=\"dipi-faq-icon-open\">&#x32;<\/i>\n                                    <i class=\"dipi-faq-icon-closed\">&#x35;<\/i><span>Ce cerin\u021be trebuie s\u0103 \u00eendeplinesc pentru a adopta?<\/span><\/div>\n                        <div class=\"dipi-faq-content\"><p>C\u0103ut\u0103m persoane responsabile care s\u0103 poat\u0103 oferi pisicii noastre o cas\u0103 iubitoare \u0219i sigur\u0103. \u00cen mod ideal, ave\u021bi experien\u021b\u0103 cu pisicile sau sunte\u021bi dispu\u0219i s\u0103 v\u0103 familiariza\u021bi intens cu nevoile acestora. Un balcon sau o gr\u0103din\u0103 securizat\u0103 este un avantaj, dar nu o cerin\u021b\u0103 obligatorie.  <\/p>\n<\/div>\n                    <\/div><div class=\"dipi-faq-entry\" data-entry-number=\"1\">\n                        <div class=\"dipi-faq-title\"><i class=\"dipi-faq-icon-open\">&#x32;<\/i>\n                                    <i class=\"dipi-faq-icon-closed\">&#x35;<\/i><span>Ce costuri implic\u0103 adop\u021bia?<\/span><\/div>\n                        <div class=\"dipi-faq-content\"><p>Se percepe o <strong data-start=\"1546\" data-end=\"1562\">tax\u0103 de protec\u021bie<\/strong> care acoper\u0103 \u00eengrijirea veterinar\u0103, castrarea, vaccinurile \u0219i costurile de transport. Valoarea exact\u0103 depinde de pisic\u0103 \u0219i v\u0103 va fi comunicat\u0103 \u00een prealabil. <\/p>\n<\/div>\n                    <\/div><div class=\"dipi-faq-entry\" data-entry-number=\"2\">\n                        <div class=\"dipi-faq-title\"><i class=\"dipi-faq-icon-open\">&#x32;<\/i>\n                                    <i class=\"dipi-faq-icon-closed\">&#x35;<\/i><span>Cum decurge adop\u021bia unei pisici?<\/span><\/div>\n                        <div class=\"dipi-faq-content\"><p data-start=\"100\" data-end=\"149\">Procesul de adop\u021bie include urm\u0103torii pa\u0219i:<\/p>\n<ul data-start=\"150\" data-end=\"819\">\n<li data-start=\"150\" data-end=\"267\"><strong data-start=\"152\" data-end=\"175\">Cerere \u0219i consultan\u021b\u0103:<\/strong> Ne contacta\u021bi cu declara\u021bia dumneavoastr\u0103 de interes. V\u0103 oferim consultan\u021b\u0103 cu privire la pisicile potrivite. <\/li>\n<li data-start=\"268\" data-end=\"392\"><strong data-start=\"270\" data-end=\"295\">Discu\u021bie de plasament:<\/strong> \u00centr-o discu\u021bie personal\u0103, v\u0103 clarific\u0103m \u00eentreb\u0103rile \u0219i verific\u0103m dac\u0103 pisica vi se potrive\u0219te.<\/li>\n<li data-start=\"393\" data-end=\"545\"><strong data-start=\"395\" data-end=\"412\">Verificare prealabil\u0103:<\/strong> Efectu\u0103m o verificare prealabil\u0103 virtual\u0103 sau personal\u0103 pentru a ne asigura c\u0103 pisica ajunge \u00eentr-o cas\u0103 potrivit\u0103.<\/li>\n<li data-start=\"546\" data-end=\"673\"><strong data-start=\"548\" data-end=\"575\">Contract \u0219i tax\u0103 de protec\u021bie:<\/strong> Dup\u0103 o verificare reu\u0219it\u0103, se \u00eencheie un contract de protec\u021bie \u0219i se percepe o tax\u0103 de protec\u021bie.<\/li>\n<li data-start=\"674\" data-end=\"819\"><strong data-start=\"676\" data-end=\"701\">Transport \u0219i predare:<\/strong> Pisica c\u0103l\u0103tore\u0219te legal \u00een Germania cu toate documentele necesare \u0219i v\u0103 este predat\u0103 dumneavoastr\u0103 sau unei sta\u021bii de preluare.<\/li>\n<\/ul>\n<\/div>\n                    <\/div><div class=\"dipi-faq-entry\" data-entry-number=\"3\">\n                        <div class=\"dipi-faq-title\"><i class=\"dipi-faq-icon-open\">&#x32;<\/i>\n                                    <i class=\"dipi-faq-icon-closed\">&#x35;<\/i><span>Sunt pisicile s\u0103n\u0103toase \u0219i examinate de un medic veterinar?<\/span><\/div>\n                        <div class=\"dipi-faq-content\"><p>Da, toate pisicile sunt examinate de un medic veterinar, vaccinate, deparazitate \u0219i sterilizate (cu excep\u021bia pisoilor foarte mici) \u00eenainte de adop\u021bie. Ele de\u021bin un pa\u0219aport european pentru animale de companie \u0219i c\u0103l\u0103toresc cu toate documentele necesare. <\/p>\n<\/div>\n                    <\/div>\n\t\t\t<\/div>\n\t\t\t\t<\/div>\n\t\t\t<\/div><div class=\"et_pb_module dipi_faq dipi_faq_1\">\n\t\t\t\t\n\t\t\t\t\n\t\t\t\t\n\t\t\t\t\n\t\t\t\t\n\t\t\t\t\n\t\t\t\t<div class=\"et_pb_module_inner\">\n\t\t\t\t\t<div class=\"dipi-faq-wrapper dipi-faq-&#8221;accordion&#8221; loading \" style=\"display: none;\" data-config=\"{&quot;layout&quot;:&quot;&amp;#8221;accordion&amp;#8221;&quot;}\">\n\t\t\t\t<script type=\"application\/ld+json\">{\"@context\":\"https:\\\/\\\/schema.org\",\"@type\":\"FAQPage\",\"@id\":false,\"mainEntity\":[]}<\/script>\n\t\t\t<\/div>\n\t\t\t\t<\/div>\n\t\t\t<\/div><\/p>\n","protected":false},"author":2,"featured_media":0,"parent":0,"menu_order":0,"comment_status":"closed","ping_status":"closed","template":"","meta":{"_acf_changed":false,"_et_pb_use_builder":"on","_et_pb_old_content":"","_et_gb_content_width":"","footnotes":""},"dipi_cpt_category":[],"class_list":["post-3983","page","type-page","status-publish","hentry"],"acf":[],"yoast_head":"<!-- This site is optimized with the Yoast SEO plugin v27.3 - https:\/\/yoast.com\/product\/yoast-seo-wordpress\/ -->\n<title>FAQ - CatSalvaCura<\/title>\n<meta name=\"robots\" content=\"index, follow, max-snippet:-1, max-image-preview:large, max-video-preview:-1\" \/>\n<link rel=\"canonical\" href=\"https:\/\/www.catsalvacura.com\/ro\/faq\/\" \/>\n<meta property=\"og:locale\" content=\"ro_RO\" \/>\n<meta property=\"og:type\" content=\"article\" \/>\n<meta property=\"og:title\" content=\"FAQ - CatSalvaCura\" \/>\n<meta property=\"og:description\" content=\"CatSalvaCuraFAQ\" \/>\n<meta property=\"og:url\" content=\"https:\/\/www.catsalvacura.com\/ro\/faq\/\" \/>\n<meta property=\"og:site_name\" content=\"CatSalvaCura\" \/>\n<meta property=\"article:modified_time\" content=\"2025-11-20T14:58:17+00:00\" \/>\n<meta name=\"twitter:card\" content=\"summary_large_image\" \/>\n<meta name=\"twitter:label1\" content=\"Timp estimat pentru citire\" \/>\n\t<meta name=\"twitter:data1\" content=\"4 minute\" \/>\n<script type=\"application\/ld+json\" class=\"yoast-schema-graph\">{\"@context\":\"https:\\\/\\\/schema.org\",\"@graph\":[{\"@type\":\"WebPage\",\"@id\":\"https:\\\/\\\/www.catsalvacura.com\\\/ro\\\/faq\\\/\",\"url\":\"https:\\\/\\\/www.catsalvacura.com\\\/ro\\\/faq\\\/\",\"name\":\"FAQ - CatSalvaCura\",\"isPartOf\":{\"@id\":\"https:\\\/\\\/www.catsalvacura.com\\\/ro\\\/#website\"},\"datePublished\":\"2022-12-14T06:56:49+00:00\",\"dateModified\":\"2025-11-20T14:58:17+00:00\",\"breadcrumb\":{\"@id\":\"https:\\\/\\\/www.catsalvacura.com\\\/ro\\\/faq\\\/#breadcrumb\"},\"inLanguage\":\"ro-RO\",\"potentialAction\":[{\"@type\":\"ReadAction\",\"target\":[\"https:\\\/\\\/www.catsalvacura.com\\\/ro\\\/faq\\\/\"]}]},{\"@type\":\"BreadcrumbList\",\"@id\":\"https:\\\/\\\/www.catsalvacura.com\\\/ro\\\/faq\\\/#breadcrumb\",\"itemListElement\":[{\"@type\":\"ListItem\",\"position\":1,\"name\":\"Startseite\",\"item\":\"https:\\\/\\\/www.catsalvacura.com\\\/ro\\\/\"},{\"@type\":\"ListItem\",\"position\":2,\"name\":\"FAQ\"}]},{\"@type\":\"WebSite\",\"@id\":\"https:\\\/\\\/www.catsalvacura.com\\\/ro\\\/#website\",\"url\":\"https:\\\/\\\/www.catsalvacura.com\\\/ro\\\/\",\"name\":\"CatSalvaCura\",\"description\":\"\",\"potentialAction\":[{\"@type\":\"SearchAction\",\"target\":{\"@type\":\"EntryPoint\",\"urlTemplate\":\"https:\\\/\\\/www.catsalvacura.com\\\/ro\\\/?s={search_term_string}\"},\"query-input\":{\"@type\":\"PropertyValueSpecification\",\"valueRequired\":true,\"valueName\":\"search_term_string\"}}],\"inLanguage\":\"ro-RO\"}]}<\/script>\n<!-- \/ Yoast SEO plugin. -->","yoast_head_json":{"title":"FAQ - CatSalvaCura","robots":{"index":"index","follow":"follow","max-snippet":"max-snippet:-1","max-image-preview":"max-image-preview:large","max-video-preview":"max-video-preview:-1"},"canonical":"https:\/\/www.catsalvacura.com\/ro\/faq\/","og_locale":"ro_RO","og_type":"article","og_title":"FAQ - CatSalvaCura","og_description":"CatSalvaCuraFAQ","og_url":"https:\/\/www.catsalvacura.com\/ro\/faq\/","og_site_name":"CatSalvaCura","article_modified_time":"2025-11-20T14:58:17+00:00","twitter_card":"summary_large_image","twitter_misc":{"Timp estimat pentru citire":"4 minute"},"schema":{"@context":"https:\/\/schema.org","@graph":[{"@type":"WebPage","@id":"https:\/\/www.catsalvacura.com\/ro\/faq\/","url":"https:\/\/www.catsalvacura.com\/ro\/faq\/","name":"FAQ - CatSalvaCura","isPartOf":{"@id":"https:\/\/www.catsalvacura.com\/ro\/#website"},"datePublished":"2022-12-14T06:56:49+00:00","dateModified":"2025-11-20T14:58:17+00:00","breadcrumb":{"@id":"https:\/\/www.catsalvacura.com\/ro\/faq\/#breadcrumb"},"inLanguage":"ro-RO","potentialAction":[{"@type":"ReadAction","target":["https:\/\/www.catsalvacura.com\/ro\/faq\/"]}]},{"@type":"BreadcrumbList","@id":"https:\/\/www.catsalvacura.com\/ro\/faq\/#breadcrumb","itemListElement":[{"@type":"ListItem","position":1,"name":"Startseite","item":"https:\/\/www.catsalvacura.com\/ro\/"},{"@type":"ListItem","position":2,"name":"FAQ"}]},{"@type":"WebSite","@id":"https:\/\/www.catsalvacura.com\/ro\/#website","url":"https:\/\/www.catsalvacura.com\/ro\/","name":"CatSalvaCura","description":"","potentialAction":[{"@type":"SearchAction","target":{"@type":"EntryPoint","urlTemplate":"https:\/\/www.catsalvacura.com\/ro\/?s={search_term_string}"},"query-input":{"@type":"PropertyValueSpecification","valueRequired":true,"valueName":"search_term_string"}}],"inLanguage":"ro-RO"}]}},"_links":{"self":[{"href":"https:\/\/www.catsalvacura.com\/ro\/wp-json\/wp\/v2\/pages\/3983","targetHints":{"allow":["GET"]}}],"collection":[{"href":"https:\/\/www.catsalvacura.com\/ro\/wp-json\/wp\/v2\/pages"}],"about":[{"href":"https:\/\/www.catsalvacura.com\/ro\/wp-json\/wp\/v2\/types\/page"}],"author":[{"embeddable":true,"href":"https:\/\/www.catsalvacura.com\/ro\/wp-json\/wp\/v2\/users\/2"}],"replies":[{"embeddable":true,"href":"https:\/\/www.catsalvacura.com\/ro\/wp-json\/wp\/v2\/comments?post=3983"}],"version-history":[{"count":1,"href":"https:\/\/www.catsalvacura.com\/ro\/wp-json\/wp\/v2\/pages\/3983\/revisions"}],"predecessor-version":[{"id":3984,"href":"https:\/\/www.catsalvacura.com\/ro\/wp-json\/wp\/v2\/pages\/3983\/revisions\/3984"}],"wp:attachment":[{"href":"https:\/\/www.catsalvacura.com\/ro\/wp-json\/wp\/v2\/media?parent=3983"}],"wp:term":[{"taxonomy":"dipi_cpt_category","embeddable":true,"href":"https:\/\/www.catsalvacura.com\/ro\/wp-json\/wp\/v2\/dipi_cpt_category?post=3983"}],"curies":[{"name":"wp","href":"https:\/\/api.w.org\/{rel}","templated":true}]}}