{"id":3961,"date":"2025-05-11T06:38:24","date_gmt":"2025-05-11T06:38:24","guid":{"rendered":"https:\/\/www.catsalvacura.com\/impressum\/"},"modified":"2025-11-20T14:13:34","modified_gmt":"2025-11-20T14:13:34","slug":"imprimare","status":"publish","type":"page","link":"https:\/\/www.catsalvacura.com\/ro\/imprimare\/","title":{"rendered":"Imprimare"},"content":{"rendered":"<p>[et_pb_section fb_built=&#8221;1&#8243; _builder_version=&#8221;4.19.3&#8243; _module_preset=&#8221;default&#8221; global_colors_info=&#8221;{}&#8221;][et_pb_row use_custom_gutter=&#8221;on&#8221; gutter_width=&#8221;2&#8243; _builder_version=&#8221;4.27.4&#8243; _module_preset=&#8221;default&#8221; custom_margin=&#8221;||50px||false|false&#8221; global_colors_info=&#8221;{}&#8221;][et_pb_column type=&#8221;4_4&#8243; _builder_version=&#8221;4.19.3&#8243; _module_preset=&#8221;default&#8221; global_colors_info=&#8221;{}&#8221;][et_pb_text _builder_version=&#8221;4.27.4&#8243; _module_preset=&#8221;default&#8221; text_font=&#8221;Poppins|600||on|||||&#8221; text_text_color=&#8221;#1ECBF8&#8243; text_font_size=&#8221;18px&#8221; text_letter_spacing=&#8221;4px&#8221; custom_margin=&#8221;||30px||false|false&#8221; custom_margin_tablet=&#8221;||30px||false|false&#8221; custom_margin_phone=&#8221;||15px||false|false&#8221; custom_margin_last_edited=&#8221;on|phone&#8221; hover_enabled=&#8221;0&#8243; text_font_size_tablet=&#8221;18px&#8221; text_font_size_phone=&#8221;14px&#8221; text_font_size_last_edited=&#8221;on|phone&#8221; text_letter_spacing_tablet=&#8221;4px&#8221; text_letter_spacing_phone=&#8221;2px&#8221; text_letter_spacing_last_edited=&#8221;on|phone&#8221; locked=&#8221;off&#8221; global_colors_info=&#8221;{}&#8221; sticky_enabled=&#8221;0&#8243;]<\/p>\n<p>Imprimare<\/p>\n<p>[\/et_pb_text][et_pb_text _builder_version=&#8221;4.27.4&#8243; _module_preset=&#8221;default&#8221; header_2_text_align=&#8221;left&#8221; header_2_text_color=&#8221;#25212B&#8221; header_2_font_size=&#8221;50px&#8221; header_2_line_height=&#8221;1.2em&#8221; custom_margin=&#8221;||30px||false|false&#8221; hover_enabled=&#8221;0&#8243; header_2_font_size_tablet=&#8221;50px&#8221; header_2_font_size_phone=&#8221;30px&#8221; header_2_font_size_last_edited=&#8221;on|tablet&#8221; header_2_line_height_tablet=&#8221;1.2em&#8221; header_2_line_height_phone=&#8221;1.3em&#8221; header_2_line_height_last_edited=&#8221;on|phone&#8221; locked=&#8221;off&#8221; global_colors_info=&#8221;{}&#8221; sticky_enabled=&#8221;0&#8243;]<\/p>\n<h2>Informa\u021bii conform \u00a7 5 DDG<\/h2>\n<p>Jochem Knoll<br \/>Breitscheider Weg 142 \u2013 144<br \/>40885 Ratingen<br \/>Germania<\/p>\n<h2>Contact<\/h2>\n<p>Telefon: +49 170 874 26 08<br \/>E-Mail: <a data-enc-email=\"fubc[at]phengravn.pbz\" class=\"mailto-link\" data-wpel-link=\"ignore\"><span id=\"eeb-656477-303080\">mail@catsalvacura.com<\/span><\/a><\/p>\n<p>&nbsp;<\/p>\n<h3>R\u0103spunderea pentru con\u021binut<\/h3>\n<p>\u00cen calitate de furnizor de servicii, suntem responsabili pentru con\u021binutul propriu al acestor pagini \u00een conformitate cu \u00a7 7 alineatul 1 DDG (Legea german\u0103 privind serviciile de telecomunica\u021bii) \u0219i cu legisla\u021bia general\u0103. Cu toate acestea, \u00een conformitate cu \u00a7\u00a7 8-10 DDG, \u00een calitate de furnizor de servicii nu suntem obliga\u021bi s\u0103 monitoriz\u0103m informa\u021biile transmise sau stocate de ter\u021bi sau s\u0103 investig\u0103m circumstan\u021bele care indic\u0103 o activitate ilegal\u0103.<\/p>\n<p>Obliga\u021biile privind eliminarea sau blocarea utiliz\u0103rii informa\u021biilor \u00een conformitate cu legile generale r\u0103m\u00e2n neafectate de aceasta. Cu toate acestea, r\u0103spunderea \u00een acest sens este posibil\u0103 numai din momentul \u00een care se ia cuno\u0219tin\u021b\u0103 de o \u00eenc\u0103lcare concret\u0103 a legii. \u00cen cazul \u00een care se constat\u0103 astfel de \u00eenc\u0103lc\u0103ri ale legii, vom elimina imediat aceste con\u021binuturi.<\/p>\n<h3>R\u0103spunderea pentru linkuri<\/h3>\n<p>Oferta noastr\u0103 con\u021bine linkuri c\u0103tre site-uri web externe ale unor ter\u021bi, asupra con\u021binutului c\u0103rora nu avem nicio influen\u021b\u0103. Prin urmare, nu putem asuma nicio r\u0103spundere pentru aceste con\u021binuturi externe. Responsabilitatea pentru con\u021binutul paginilor conectate prin linkuri revine \u00eentotdeauna furnizorului sau operatorului respectiv al paginilor. Paginile conectate prin linkuri au fost verificate la momentul conect\u0103rii pentru a se constata eventualele \u00eenc\u0103lc\u0103ri ale legii. La momentul conect\u0103rii, nu s-au constatat con\u021binuturi ilegale.<\/p>\n<p>Cu toate acestea, nu se poate pretinde un control permanent al con\u021binutului paginilor linkate f\u0103r\u0103 indicii concrete privind o \u00eenc\u0103lcare a legii. \u00cen cazul \u00een care vom afla despre \u00eenc\u0103lc\u0103ri ale legii, vom elimina imediat astfel de linkuri.<\/p>\n<h3>Drepturi de autor<\/h3>\n<p>Con\u021binutul \u0219i lucr\u0103rile create de operatorii site-ului pe aceste pagini sunt supuse dreptului de autor german. Reproducerea, modificarea, distribuirea \u0219i orice tip de utilizare \u00een afara limitelor dreptului de autor necesit\u0103 acordul scris al autorului sau creatorului respectiv. Desc\u0103rc\u0103rile \u0219i copiile acestei pagini sunt permise numai pentru uz privat, necomercial.<\/p>\n<p>\u00cen m\u0103sura \u00een care con\u021binutul acestei pagini nu a fost creat de operator, drepturile de autor ale ter\u021bilor sunt respectate. \u00cen special, con\u021binutul ter\u021bilor este marcat ca atare. Dac\u0103 totu\u0219i observa\u021bi o \u00eenc\u0103lcare a drepturilor de autor, v\u0103 rug\u0103m s\u0103 ne informa\u021bi \u00een acest sens. \u00cen cazul \u00een care lu\u0103m cuno\u0219tin\u021b\u0103 de \u00eenc\u0103lc\u0103ri ale legii, vom elimina imediat con\u021binutul respectiv.<\/p>\n<p>[\/et_pb_text][\/et_pb_column][\/et_pb_row][\/et_pb_section]<\/p>\n","protected":false},"excerpt":{"rendered":"<p>ImprimareInforma\u021bii conform \u00a7 5 DDG Jochem KnollBreitscheider Weg 142 \u2013 14440885 RatingenGermania Contact Telefon: +49 170 874 26 08E-Mail: mail@catsalvacura.com &nbsp; R\u0103spunderea pentru con\u021binut \u00cen calitate de furnizor de servicii, suntem responsabili pentru con\u021binutul propriu al acestor pagini \u00een conformitate cu \u00a7 7 alineatul 1 DDG (Legea german\u0103 privind serviciile de telecomunica\u021bii) \u0219i cu legisla\u021bia [&hellip;]<\/p>\n","protected":false},"author":2,"featured_media":0,"parent":0,"menu_order":0,"comment_status":"closed","ping_status":"closed","template":"","meta":{"_acf_changed":false,"_et_pb_use_builder":"on","_et_pb_old_content":"","_et_gb_content_width":"","footnotes":""},"dipi_cpt_category":[],"class_list":["post-3961","page","type-page","status-publish","hentry"],"acf":[],"yoast_head":"<!-- This site is optimized with the Yoast SEO plugin v27.3 - https:\/\/yoast.com\/product\/yoast-seo-wordpress\/ -->\n<title>Imprimare - CatSalvaCura<\/title>\n<meta name=\"robots\" content=\"index, follow, max-snippet:-1, max-image-preview:large, max-video-preview:-1\" \/>\n<link rel=\"canonical\" href=\"https:\/\/www.catsalvacura.com\/ro\/imprimare\/\" \/>\n<meta property=\"og:locale\" content=\"ro_RO\" \/>\n<meta property=\"og:type\" content=\"article\" \/>\n<meta property=\"og:title\" content=\"Imprimare - CatSalvaCura\" \/>\n<meta property=\"og:description\" content=\"ImprimareInforma\u021bii conform \u00a7 5 DDG Jochem KnollBreitscheider Weg 142 \u2013 14440885 RatingenGermania Contact Telefon: +49 170 874 26 08E-Mail: mail@catsalvacura.com &nbsp; R\u0103spunderea pentru con\u021binut \u00cen calitate de furnizor de servicii, suntem responsabili pentru con\u021binutul propriu al acestor pagini \u00een conformitate cu \u00a7 7 alineatul 1 DDG (Legea german\u0103 privind serviciile de telecomunica\u021bii) \u0219i cu legisla\u021bia [&hellip;]\" \/>\n<meta property=\"og:url\" content=\"https:\/\/www.catsalvacura.com\/ro\/imprimare\/\" \/>\n<meta property=\"og:site_name\" content=\"CatSalvaCura\" \/>\n<meta property=\"article:modified_time\" content=\"2025-11-20T14:13:34+00:00\" \/>\n<meta name=\"twitter:card\" content=\"summary_large_image\" \/>\n<meta name=\"twitter:label1\" content=\"Timp estimat pentru citire\" \/>\n\t<meta name=\"twitter:data1\" content=\"2 minute\" \/>\n<script type=\"application\/ld+json\" class=\"yoast-schema-graph\">{\"@context\":\"https:\\\/\\\/schema.org\",\"@graph\":[{\"@type\":\"WebPage\",\"@id\":\"https:\\\/\\\/www.catsalvacura.com\\\/ro\\\/imprimare\\\/\",\"url\":\"https:\\\/\\\/www.catsalvacura.com\\\/ro\\\/imprimare\\\/\",\"name\":\"Imprimare - CatSalvaCura\",\"isPartOf\":{\"@id\":\"https:\\\/\\\/www.catsalvacura.com\\\/ro\\\/#website\"},\"datePublished\":\"2025-05-11T06:38:24+00:00\",\"dateModified\":\"2025-11-20T14:13:34+00:00\",\"breadcrumb\":{\"@id\":\"https:\\\/\\\/www.catsalvacura.com\\\/ro\\\/imprimare\\\/#breadcrumb\"},\"inLanguage\":\"ro-RO\",\"potentialAction\":[{\"@type\":\"ReadAction\",\"target\":[\"https:\\\/\\\/www.catsalvacura.com\\\/ro\\\/imprimare\\\/\"]}]},{\"@type\":\"BreadcrumbList\",\"@id\":\"https:\\\/\\\/www.catsalvacura.com\\\/ro\\\/imprimare\\\/#breadcrumb\",\"itemListElement\":[{\"@type\":\"ListItem\",\"position\":1,\"name\":\"Startseite\",\"item\":\"https:\\\/\\\/www.catsalvacura.com\\\/ro\\\/\"},{\"@type\":\"ListItem\",\"position\":2,\"name\":\"Imprimare\"}]},{\"@type\":\"WebSite\",\"@id\":\"https:\\\/\\\/www.catsalvacura.com\\\/ro\\\/#website\",\"url\":\"https:\\\/\\\/www.catsalvacura.com\\\/ro\\\/\",\"name\":\"CatSalvaCura\",\"description\":\"\",\"potentialAction\":[{\"@type\":\"SearchAction\",\"target\":{\"@type\":\"EntryPoint\",\"urlTemplate\":\"https:\\\/\\\/www.catsalvacura.com\\\/ro\\\/?s={search_term_string}\"},\"query-input\":{\"@type\":\"PropertyValueSpecification\",\"valueRequired\":true,\"valueName\":\"search_term_string\"}}],\"inLanguage\":\"ro-RO\"}]}<\/script>\n<!-- \/ Yoast SEO plugin. -->","yoast_head_json":{"title":"Imprimare - CatSalvaCura","robots":{"index":"index","follow":"follow","max-snippet":"max-snippet:-1","max-image-preview":"max-image-preview:large","max-video-preview":"max-video-preview:-1"},"canonical":"https:\/\/www.catsalvacura.com\/ro\/imprimare\/","og_locale":"ro_RO","og_type":"article","og_title":"Imprimare - CatSalvaCura","og_description":"ImprimareInforma\u021bii conform \u00a7 5 DDG Jochem KnollBreitscheider Weg 142 \u2013 14440885 RatingenGermania Contact Telefon: +49 170 874 26 08E-Mail: mail@catsalvacura.com &nbsp; R\u0103spunderea pentru con\u021binut \u00cen calitate de furnizor de servicii, suntem responsabili pentru con\u021binutul propriu al acestor pagini \u00een conformitate cu \u00a7 7 alineatul 1 DDG (Legea german\u0103 privind serviciile de telecomunica\u021bii) \u0219i cu legisla\u021bia [&hellip;]","og_url":"https:\/\/www.catsalvacura.com\/ro\/imprimare\/","og_site_name":"CatSalvaCura","article_modified_time":"2025-11-20T14:13:34+00:00","twitter_card":"summary_large_image","twitter_misc":{"Timp estimat pentru citire":"2 minute"},"schema":{"@context":"https:\/\/schema.org","@graph":[{"@type":"WebPage","@id":"https:\/\/www.catsalvacura.com\/ro\/imprimare\/","url":"https:\/\/www.catsalvacura.com\/ro\/imprimare\/","name":"Imprimare - CatSalvaCura","isPartOf":{"@id":"https:\/\/www.catsalvacura.com\/ro\/#website"},"datePublished":"2025-05-11T06:38:24+00:00","dateModified":"2025-11-20T14:13:34+00:00","breadcrumb":{"@id":"https:\/\/www.catsalvacura.com\/ro\/imprimare\/#breadcrumb"},"inLanguage":"ro-RO","potentialAction":[{"@type":"ReadAction","target":["https:\/\/www.catsalvacura.com\/ro\/imprimare\/"]}]},{"@type":"BreadcrumbList","@id":"https:\/\/www.catsalvacura.com\/ro\/imprimare\/#breadcrumb","itemListElement":[{"@type":"ListItem","position":1,"name":"Startseite","item":"https:\/\/www.catsalvacura.com\/ro\/"},{"@type":"ListItem","position":2,"name":"Imprimare"}]},{"@type":"WebSite","@id":"https:\/\/www.catsalvacura.com\/ro\/#website","url":"https:\/\/www.catsalvacura.com\/ro\/","name":"CatSalvaCura","description":"","potentialAction":[{"@type":"SearchAction","target":{"@type":"EntryPoint","urlTemplate":"https:\/\/www.catsalvacura.com\/ro\/?s={search_term_string}"},"query-input":{"@type":"PropertyValueSpecification","valueRequired":true,"valueName":"search_term_string"}}],"inLanguage":"ro-RO"}]}},"_links":{"self":[{"href":"https:\/\/www.catsalvacura.com\/ro\/wp-json\/wp\/v2\/pages\/3961","targetHints":{"allow":["GET"]}}],"collection":[{"href":"https:\/\/www.catsalvacura.com\/ro\/wp-json\/wp\/v2\/pages"}],"about":[{"href":"https:\/\/www.catsalvacura.com\/ro\/wp-json\/wp\/v2\/types\/page"}],"author":[{"embeddable":true,"href":"https:\/\/www.catsalvacura.com\/ro\/wp-json\/wp\/v2\/users\/2"}],"replies":[{"embeddable":true,"href":"https:\/\/www.catsalvacura.com\/ro\/wp-json\/wp\/v2\/comments?post=3961"}],"version-history":[{"count":4,"href":"https:\/\/www.catsalvacura.com\/ro\/wp-json\/wp\/v2\/pages\/3961\/revisions"}],"predecessor-version":[{"id":3966,"href":"https:\/\/www.catsalvacura.com\/ro\/wp-json\/wp\/v2\/pages\/3961\/revisions\/3966"}],"wp:attachment":[{"href":"https:\/\/www.catsalvacura.com\/ro\/wp-json\/wp\/v2\/media?parent=3961"}],"wp:term":[{"taxonomy":"dipi_cpt_category","embeddable":true,"href":"https:\/\/www.catsalvacura.com\/ro\/wp-json\/wp\/v2\/dipi_cpt_category?post=3961"}],"curies":[{"name":"wp","href":"https:\/\/api.w.org\/{rel}","templated":true}]}}