{"id":3942,"date":"2022-12-13T21:40:23","date_gmt":"2022-12-13T21:40:23","guid":{"rendered":"https:\/\/www.catsalvacura.com\/unsere-katzen\/"},"modified":"2025-11-21T12:15:24","modified_gmt":"2025-11-21T12:15:24","slug":"pisicile-noastre","status":"publish","type":"page","link":"https:\/\/www.catsalvacura.com\/ro\/pisicile-noastre\/","title":{"rendered":"Pisicile noastre"},"content":{"rendered":"<p>[et_pb_section fb_built=&#8221;1&#8243; custom_padding_last_edited=&#8221;on|phone&#8221; _builder_version=&#8221;4.27.4&#8243; _module_preset=&#8221;default&#8221; background_color=&#8221;#BFF0FD&#8221; custom_margin=&#8221;-10px||||false|false&#8221; custom_padding=&#8221;0px||0px||true|false&#8221; custom_padding_tablet=&#8221;0px||0px||true|false&#8221; custom_padding_phone=&#8221;0px||0px||true|false&#8221; border_width_bottom=&#8221;10px&#8221; border_color_bottom=&#8221;#1ECBF8&#8243; global_colors_info=&#8221;{}&#8221;][et_pb_row _builder_version=&#8221;4.27.4&#8243; _module_preset=&#8221;default&#8221; width=&#8221;100%&#8221; max_width=&#8221;100%&#8221; custom_margin=&#8221;-15px||-15px||true|false&#8221; custom_margin_tablet=&#8221;||||false|false&#8221; custom_margin_phone=&#8221;||||false|false&#8221; custom_margin_last_edited=&#8221;off|desktop&#8221; custom_padding=&#8221;0px||0px||true|false&#8221; global_colors_info=&#8221;{}&#8221;][et_pb_column type=&#8221;4_4&#8243; _builder_version=&#8221;4.27.4&#8243; _module_preset=&#8221;default&#8221; custom_padding=&#8221;0px||0px||true|false&#8221; global_colors_info=&#8221;{}&#8221;][et_pb_slider _builder_version=&#8221;4.27.4&#8243; _module_preset=&#8221;default&#8221; background_color=&#8221;RGBA(255,255,255,0)&#8221; background_enable_image=&#8221;off&#8221; width=&#8221;100%&#8221; custom_margin=&#8221;15px||15px||true|false&#8221; custom_padding=&#8221;||||true|true&#8221; global_colors_info=&#8221;{}&#8221;][et_pb_slide heading=&#8221;Pisicile noastre&#8221; _builder_version=&#8221;4.27.4&#8243; _module_preset=&#8221;default&#8221; header_level=&#8221;h1&#8243; header_text_align=&#8221;center&#8221; header_text_color=&#8221;#FFFFFF&#8221; header_font_size=&#8221;60px&#8221; body_text_align=&#8221;center&#8221; body_text_color=&#8221;#FAFAFA&#8221; body_font_size=&#8221;25px&#8221; background_color=&#8221;RGBA(255,255,255,0)&#8221; background_enable_color=&#8221;on&#8221; background_image=&#8221;https:\/\/www.catsalvacura.com\/wp-content\/uploads\/2025\/04\/IMG_064420.jpeg&#8221; background_enable_image=&#8221;on&#8221; background_position=&#8221;top_center&#8221; background_vertical_offset=&#8221;31%&#8221; width=&#8221;100%&#8221; custom_padding=&#8221;||||true|false&#8221; header_font_size_tablet=&#8221;35px&#8221; header_font_size_phone=&#8221;30px&#8221; header_font_size_last_edited=&#8221;on|tablet&#8221; body_font_size_tablet=&#8221;20px&#8221; body_font_size_phone=&#8221;18px&#8221; body_font_size_last_edited=&#8221;on|desktop&#8221; background_last_edited=&#8221;on|desktop&#8221; background_position_tablet=&#8221;center&#8221; border_width_all_image=&#8221;3px&#8221; border_color_all_image=&#8221;#07B2DF&#8221; global_colors_info=&#8221;{}&#8221; sticky_transition=&#8221;on&#8221;]<\/p>\n<p>Sus\u021bine\u021bi-ne printr-un sponsorat sau o achizi\u021bie din magazinul nostru<\/p>\n<p>[\/et_pb_slide][et_pb_slide heading=&#8221;Pisicile noastre&#8221; _builder_version=&#8221;4.27.4&#8243; _module_preset=&#8221;default&#8221; header_level=&#8221;h1&#8243; header_text_align=&#8221;center&#8221; header_text_color=&#8221;#FAFAFA&#8221; header_font_size=&#8221;60px&#8221; body_text_align=&#8221;center&#8221; body_text_color=&#8221;#FAFAFA&#8221; body_font_size=&#8221;25px&#8221; background_color=&#8221;RGBA(255,255,255,0)&#8221; background_enable_color=&#8221;on&#8221; background_image=&#8221;https:\/\/www.catsalvacura.com\/wp-content\/uploads\/2025\/04\/IMG_064426.jpeg&#8221; background_enable_image=&#8221;on&#8221; background_position=&#8221;top_center&#8221; background_vertical_offset=&#8221;34%&#8221; width=&#8221;100%&#8221; custom_padding=&#8221;||||false|false&#8221; header_font_size_tablet=&#8221;35px&#8221; header_font_size_phone=&#8221;30px&#8221; header_font_size_last_edited=&#8221;on|tablet&#8221; body_font_size_tablet=&#8221;20px&#8221; body_font_size_phone=&#8221;18px&#8221; body_font_size_last_edited=&#8221;on|phone&#8221; background_last_edited=&#8221;on|desktop&#8221; border_width_all_image=&#8221;3px&#8221; border_color_all_image=&#8221;#07B2DF&#8221; global_colors_info=&#8221;{}&#8221; sticky_transition=&#8221;on&#8221;]<\/p>\n<p>\u0218i noi vrem s\u0103 tr\u0103im.<\/p>\n<p>[\/et_pb_slide][et_pb_slide heading=&#8221;Pisicile noastre&#8221; _builder_version=&#8221;4.27.4&#8243; _module_preset=&#8221;default&#8221; header_level=&#8221;h1&#8243; header_text_align=&#8221;center&#8221; header_text_color=&#8221;#FAFAFA&#8221; header_font_size=&#8221;60px&#8221; body_text_align=&#8221;center&#8221; body_text_color=&#8221;#FAFAFA&#8221; body_font_size=&#8221;25px&#8221; background_color=&#8221;RGBA(255,255,255,0)&#8221; background_enable_color=&#8221;on&#8221; background_image=&#8221;https:\/\/www.catsalvacura.com\/wp-content\/uploads\/2025\/04\/IMG_064411.jpeg&#8221; background_enable_image=&#8221;on&#8221; width=&#8221;100%&#8221; custom_padding=&#8221;0px||0px|0px|false|false&#8221; header_text_color_tablet=&#8221;#FAFAFA&#8221; header_text_color_phone=&#8221;#FAFAFA&#8221; header_text_color_last_edited=&#8221;on|desktop&#8221; header_font_size_tablet=&#8221;35px&#8221; header_font_size_phone=&#8221;30px&#8221; header_font_size_last_edited=&#8221;on|tablet&#8221; body_font_size_tablet=&#8221;20px&#8221; body_font_size_phone=&#8221;18px&#8221; body_font_size_last_edited=&#8221;on|phone&#8221; border_width_all_image=&#8221;3px&#8221; border_color_all_image=&#8221;#07B2DF&#8221; global_colors_info=&#8221;{}&#8221; sticky_transition=&#8221;on&#8221;]<\/p>\n<p>Pisici s\u0103n\u0103toase \u0219i vaccinate<\/p>\n<p>[\/et_pb_slide][\/et_pb_slider][\/et_pb_column][\/et_pb_row][\/et_pb_section][et_pb_section fb_built=&#8221;1&#8243; _builder_version=&#8221;4.17.3&#8243; _module_preset=&#8221;default&#8221; custom_padding=&#8221;||0px||false|false&#8221; locked=&#8221;off&#8221; global_colors_info=&#8221;{}&#8221;][et_pb_row _builder_version=&#8221;4.19.3&#8243; _module_preset=&#8221;default&#8221; custom_margin=&#8221;-110px||||false|false&#8221; custom_margin_tablet=&#8221;-90px||||false|false&#8221; custom_margin_phone=&#8221;-85px||||false|false&#8221; custom_margin_last_edited=&#8221;on|tablet&#8221; custom_padding=&#8221;0px||0px||true|false&#8221; global_colors_info=&#8221;{}&#8221;][et_pb_column type=&#8221;4_4&#8243; _builder_version=&#8221;4.17.3&#8243; _module_preset=&#8221;default&#8221; global_colors_info=&#8221;{}&#8221;][dipi_breadcrumbs hide_home=&#8221;on&#8221; bc_items_alignment=&#8221;dipi-bc-center&#8221; bc_separator_color=&#8221;RGBA(255,255,255,0.8)&#8221; module_class=&#8221;dp-breadcrumb-shake-top&#8221; _builder_version=&#8221;4.27.4&#8243; _module_preset=&#8221;default&#8221; items_font=&#8221;Poppins|||on|||||&#8221; items_text_color=&#8221;rgba(255,255,255,0.8)&#8221; items_font_size=&#8221;14px&#8221; hover_text_color=&#8221;#FFFFFF&#8221; active_text_color=&#8221;#FFFFFF&#8221; background_image=&#8221;https:\/\/www.catsalvacura.com\/wp-content\/uploads\/2025\/02\/breadcrums-bg-1-1-1.svg&#8221; background_size=&#8221;contain&#8221; custom_padding=&#8221;80px||20px||false|false&#8221; custom_padding_tablet=&#8221;80px||20px||false|false&#8221; custom_padding_phone=&#8221;60px||13px||false|false&#8221; custom_padding_last_edited=&#8221;on|phone&#8221; items_font_size_tablet=&#8221;14px&#8221; items_font_size_phone=&#8221;12px&#8221; items_font_size_last_edited=&#8221;on|phone&#8221; global_colors_info=&#8221;{}&#8221;][\/dipi_breadcrumbs][\/et_pb_column][\/et_pb_row][\/et_pb_section][et_pb_section fb_built=&#8221;1&#8243; _builder_version=&#8221;4.17.3&#8243; _module_preset=&#8221;default&#8221; global_colors_info=&#8221;{}&#8221;][et_pb_row use_custom_gutter=&#8221;on&#8221; gutter_width=&#8221;2&#8243; _builder_version=&#8221;4.17.3&#8243; _module_preset=&#8221;default&#8221; global_colors_info=&#8221;{}&#8221;][et_pb_column type=&#8221;4_4&#8243; _builder_version=&#8221;4.17.3&#8243; _module_preset=&#8221;default&#8221; global_colors_info=&#8221;{}&#8221;][et_pb_blog_extras use_category_filterable_blog=&#8221;on&#8221; posts_number=&#8221;18&#8243; post_order=&#8221;ASC&#8221; post_order_by=&#8221;title&#8221; filterable_category_background_color=&#8221;#1ECBF8&#8243; filterable_active_category_background_color=&#8221;#1ECBF8&#8243; include_categories=&#8221;35,34&#8243; blog_layout=&#8221;masonry&#8221; use_manual_excerpt=&#8221;off&#8221; excerpt_length=&#8221;0&#8243; use_read_more_button=&#8221;on&#8221; read_more_text=&#8221;Mai mult&#8221; show_author=&#8221;off&#8221; show_date=&#8221;off&#8221; category_meta_colors=&#8221;on&#8221; category_color=&#8221;#FFFFFF&#8221; category_background_color=&#8221;#1ECBF8&#8243; show_comments=&#8221;off&#8221; show_load_more=&#8221;on&#8221; load_more_text=&#8221;Alte pisici&#8221; show_less_text=&#8221;Mai pu\u021bine pisici&#8221; loader_color=&#8221;#1ECBF8&#8243; disabled_on=&#8221;off|off|off&#8221; masonry_columns_tablet=&#8221;2&#8243; masonry_columns_phone=&#8221;1&#8243; masonry_columns_last_edited=&#8221;on|phone&#8221; _builder_version=&#8221;4.27.4&#8243; _module_preset=&#8221;default&#8221; filterable_category_text_color=&#8221;#FFFFFF&#8221; active_filterable_category_text_color=&#8221;#25212B&#8221; header_font=&#8221;|700|||||||&#8221; meta_text_color=&#8221;#1ECBF8&#8243; custom_ajax_pagination=&#8221;on&#8221; ajax_pagination_text_size=&#8221;16px&#8221; ajax_pagination_text_color=&#8221;#FFFFFF&#8221; ajax_pagination_bg_color=&#8221;#1ECBF8&#8243; ajax_pagination_border_width=&#8221;0px&#8221; ajax_pagination_border_radius=&#8221;0px&#8221; custom_read_more=&#8221;on&#8221; read_more_text_size=&#8221;14px&#8221; read_more_text_color=&#8221;#FFFFFF&#8221; read_more_bg_color=&#8221;#1ECBF8&#8243; read_more_border_width=&#8221;0px&#8221; read_more_border_radius=&#8221;0px&#8221; hover_enabled=&#8221;0&#8243; header_font_size_tablet=&#8221;16px&#8221; header_font_size_phone=&#8221;14px&#8221; header_font_size_last_edited=&#8221;on|desktop&#8221; global_colors_info=&#8221;{}&#8221; sticky_enabled=&#8221;0&#8243;][\/et_pb_blog_extras][\/et_pb_column][\/et_pb_row][\/et_pb_section]<\/p>\n","protected":false},"excerpt":{"rendered":"<p>Sus\u021bine\u021bi-ne printr-un sponsorat sau o achizi\u021bie din magazinul nostru\u0218i noi vrem s\u0103 tr\u0103im.Pisici s\u0103n\u0103toase \u0219i vaccinate<div class=\"et_pb_module dipi_breadcrumbs dipi_breadcrumbs_0 dp-breadcrumb-shake-top\">\n\t\t\t\t\n\t\t\t\t\n\t\t\t\t\n\t\t\t\t\n\t\t\t\t\n\t\t\t\t\n\t\t\t\t<div class=\"et_pb_module_inner\">\n\t\t\t\t\t<div class=\"dipi-breadcrumbs dipi-bc-center\">\n                <ul >\n                    \n                                                \n                <\/ul>\n            <\/div>\n\t\t\t\t<\/div>\n\t\t\t<\/div><\/p>\n","protected":false},"author":2,"featured_media":0,"parent":0,"menu_order":0,"comment_status":"closed","ping_status":"closed","template":"","meta":{"_acf_changed":false,"_et_pb_use_builder":"on","_et_pb_old_content":"","_et_gb_content_width":"","footnotes":""},"dipi_cpt_category":[],"class_list":["post-3942","page","type-page","status-publish","hentry"],"acf":[],"yoast_head":"<!-- This site is optimized with the Yoast SEO plugin v27.3 - https:\/\/yoast.com\/product\/yoast-seo-wordpress\/ -->\n<title>Pisicile noastre - CatSalvaCura<\/title>\n<meta name=\"robots\" content=\"index, follow, max-snippet:-1, max-image-preview:large, max-video-preview:-1\" \/>\n<link rel=\"canonical\" href=\"https:\/\/www.catsalvacura.com\/ro\/pisicile-noastre\/\" \/>\n<meta property=\"og:locale\" content=\"ro_RO\" \/>\n<meta property=\"og:type\" content=\"article\" \/>\n<meta property=\"og:title\" content=\"Pisicile noastre - CatSalvaCura\" \/>\n<meta property=\"og:description\" content=\"Sus\u021bine\u021bi-ne printr-un sponsorat sau o achizi\u021bie din magazinul nostru\u0218i noi vrem s\u0103 tr\u0103im.Pisici s\u0103n\u0103toase \u0219i vaccinate\" \/>\n<meta property=\"og:url\" content=\"https:\/\/www.catsalvacura.com\/ro\/pisicile-noastre\/\" \/>\n<meta property=\"og:site_name\" content=\"CatSalvaCura\" \/>\n<meta property=\"article:modified_time\" content=\"2025-11-21T12:15:24+00:00\" \/>\n<meta name=\"twitter:card\" content=\"summary_large_image\" \/>\n<meta name=\"twitter:label1\" content=\"Timp estimat pentru citire\" \/>\n\t<meta name=\"twitter:data1\" content=\"1 minut\" \/>\n<script type=\"application\/ld+json\" class=\"yoast-schema-graph\">{\"@context\":\"https:\\\/\\\/schema.org\",\"@graph\":[{\"@type\":\"WebPage\",\"@id\":\"https:\\\/\\\/www.catsalvacura.com\\\/ro\\\/pisicile-noastre\\\/\",\"url\":\"https:\\\/\\\/www.catsalvacura.com\\\/ro\\\/pisicile-noastre\\\/\",\"name\":\"Pisicile noastre - CatSalvaCura\",\"isPartOf\":{\"@id\":\"https:\\\/\\\/www.catsalvacura.com\\\/ro\\\/#website\"},\"datePublished\":\"2022-12-13T21:40:23+00:00\",\"dateModified\":\"2025-11-21T12:15:24+00:00\",\"breadcrumb\":{\"@id\":\"https:\\\/\\\/www.catsalvacura.com\\\/ro\\\/pisicile-noastre\\\/#breadcrumb\"},\"inLanguage\":\"ro-RO\",\"potentialAction\":[{\"@type\":\"ReadAction\",\"target\":[\"https:\\\/\\\/www.catsalvacura.com\\\/ro\\\/pisicile-noastre\\\/\"]}]},{\"@type\":\"BreadcrumbList\",\"@id\":\"https:\\\/\\\/www.catsalvacura.com\\\/ro\\\/pisicile-noastre\\\/#breadcrumb\",\"itemListElement\":[{\"@type\":\"ListItem\",\"position\":1,\"name\":\"Startseite\",\"item\":\"https:\\\/\\\/www.catsalvacura.com\\\/ro\\\/\"},{\"@type\":\"ListItem\",\"position\":2,\"name\":\"Pisicile noastre\"}]},{\"@type\":\"WebSite\",\"@id\":\"https:\\\/\\\/www.catsalvacura.com\\\/ro\\\/#website\",\"url\":\"https:\\\/\\\/www.catsalvacura.com\\\/ro\\\/\",\"name\":\"CatSalvaCura\",\"description\":\"\",\"potentialAction\":[{\"@type\":\"SearchAction\",\"target\":{\"@type\":\"EntryPoint\",\"urlTemplate\":\"https:\\\/\\\/www.catsalvacura.com\\\/ro\\\/?s={search_term_string}\"},\"query-input\":{\"@type\":\"PropertyValueSpecification\",\"valueRequired\":true,\"valueName\":\"search_term_string\"}}],\"inLanguage\":\"ro-RO\"}]}<\/script>\n<!-- \/ Yoast SEO plugin. -->","yoast_head_json":{"title":"Pisicile noastre - CatSalvaCura","robots":{"index":"index","follow":"follow","max-snippet":"max-snippet:-1","max-image-preview":"max-image-preview:large","max-video-preview":"max-video-preview:-1"},"canonical":"https:\/\/www.catsalvacura.com\/ro\/pisicile-noastre\/","og_locale":"ro_RO","og_type":"article","og_title":"Pisicile noastre - CatSalvaCura","og_description":"Sus\u021bine\u021bi-ne printr-un sponsorat sau o achizi\u021bie din magazinul nostru\u0218i noi vrem s\u0103 tr\u0103im.Pisici s\u0103n\u0103toase \u0219i vaccinate","og_url":"https:\/\/www.catsalvacura.com\/ro\/pisicile-noastre\/","og_site_name":"CatSalvaCura","article_modified_time":"2025-11-21T12:15:24+00:00","twitter_card":"summary_large_image","twitter_misc":{"Timp estimat pentru citire":"1 minut"},"schema":{"@context":"https:\/\/schema.org","@graph":[{"@type":"WebPage","@id":"https:\/\/www.catsalvacura.com\/ro\/pisicile-noastre\/","url":"https:\/\/www.catsalvacura.com\/ro\/pisicile-noastre\/","name":"Pisicile noastre - CatSalvaCura","isPartOf":{"@id":"https:\/\/www.catsalvacura.com\/ro\/#website"},"datePublished":"2022-12-13T21:40:23+00:00","dateModified":"2025-11-21T12:15:24+00:00","breadcrumb":{"@id":"https:\/\/www.catsalvacura.com\/ro\/pisicile-noastre\/#breadcrumb"},"inLanguage":"ro-RO","potentialAction":[{"@type":"ReadAction","target":["https:\/\/www.catsalvacura.com\/ro\/pisicile-noastre\/"]}]},{"@type":"BreadcrumbList","@id":"https:\/\/www.catsalvacura.com\/ro\/pisicile-noastre\/#breadcrumb","itemListElement":[{"@type":"ListItem","position":1,"name":"Startseite","item":"https:\/\/www.catsalvacura.com\/ro\/"},{"@type":"ListItem","position":2,"name":"Pisicile noastre"}]},{"@type":"WebSite","@id":"https:\/\/www.catsalvacura.com\/ro\/#website","url":"https:\/\/www.catsalvacura.com\/ro\/","name":"CatSalvaCura","description":"","potentialAction":[{"@type":"SearchAction","target":{"@type":"EntryPoint","urlTemplate":"https:\/\/www.catsalvacura.com\/ro\/?s={search_term_string}"},"query-input":{"@type":"PropertyValueSpecification","valueRequired":true,"valueName":"search_term_string"}}],"inLanguage":"ro-RO"}]}},"_links":{"self":[{"href":"https:\/\/www.catsalvacura.com\/ro\/wp-json\/wp\/v2\/pages\/3942","targetHints":{"allow":["GET"]}}],"collection":[{"href":"https:\/\/www.catsalvacura.com\/ro\/wp-json\/wp\/v2\/pages"}],"about":[{"href":"https:\/\/www.catsalvacura.com\/ro\/wp-json\/wp\/v2\/types\/page"}],"author":[{"embeddable":true,"href":"https:\/\/www.catsalvacura.com\/ro\/wp-json\/wp\/v2\/users\/2"}],"replies":[{"embeddable":true,"href":"https:\/\/www.catsalvacura.com\/ro\/wp-json\/wp\/v2\/comments?post=3942"}],"version-history":[{"count":6,"href":"https:\/\/www.catsalvacura.com\/ro\/wp-json\/wp\/v2\/pages\/3942\/revisions"}],"predecessor-version":[{"id":4365,"href":"https:\/\/www.catsalvacura.com\/ro\/wp-json\/wp\/v2\/pages\/3942\/revisions\/4365"}],"wp:attachment":[{"href":"https:\/\/www.catsalvacura.com\/ro\/wp-json\/wp\/v2\/media?parent=3942"}],"wp:term":[{"taxonomy":"dipi_cpt_category","embeddable":true,"href":"https:\/\/www.catsalvacura.com\/ro\/wp-json\/wp\/v2\/dipi_cpt_category?post=3942"}],"curies":[{"name":"wp","href":"https:\/\/api.w.org\/{rel}","templated":true}]}}