{"id":4438,"date":"2026-01-07T14:34:49","date_gmt":"2026-01-07T14:34:49","guid":{"rendered":"https:\/\/www.catsalvacura.com\/jetzt-spenden\/"},"modified":"2026-01-08T16:04:05","modified_gmt":"2026-01-08T16:04:05","slug":"donate-now","status":"publish","type":"page","link":"https:\/\/www.catsalvacura.com\/en\/donate-now\/","title":{"rendered":"Donate now!"},"content":{"rendered":"<p>[et_pb_section fb_built=&#8221;1&#8243; _builder_version=&#8221;4.27.5&#8243; _module_preset=&#8221;default&#8221; global_colors_info=&#8221;{}&#8221;][et_pb_row _builder_version=&#8221;4.27.5&#8243; _module_preset=&#8221;default&#8221; global_colors_info=&#8221;{}&#8221;][et_pb_column type=&#8221;4_4&#8243; _builder_version=&#8221;4.27.5&#8243; _module_preset=&#8221;default&#8221; global_colors_info=&#8221;{}&#8221;][et_pb_text ul_position=&#8221;inside&#8221; _builder_version=&#8221;4.27.5&#8243; _module_preset=&#8221;default&#8221; header_font_size=&#8221;60px&#8221; text_orientation=&#8221;center&#8221; header_font_size_tablet=&#8221;40px&#8221; header_font_size_phone=&#8221;35px&#8221; header_font_size_last_edited=&#8221;on|phone&#8221; global_colors_info=&#8221;{}&#8221;]<\/p>\n<h1>Donate now!<\/h1>\n<p>[\/et_pb_text][et_pb_text ul_position=&#8221;inside&#8221; _builder_version=&#8221;4.27.5&#8243; _module_preset=&#8221;default&#8221; header_font_size=&#8221;60px&#8221; text_orientation=&#8221;center&#8221; header_font_size_tablet=&#8221;40px&#8221; header_font_size_phone=&#8221;35px&#8221; header_font_size_last_edited=&#8221;on|phone&#8221; global_colors_info=&#8221;{}&#8221;]<\/p>\n<h2>Your contribution protects 130 cats from death.<\/h2>\n<p>Catsalvacura is a private cat sanctuary in Moldova.<\/p>\n<p>Over 130 cats live here who would not survive without this place.<\/p>\n<p>From April onwards, they face acute dangers from:<\/p>\n<ul>\n<li>Stray dogs<\/li>\n<li>Speeding traffic<\/li>\n<li>Neighbors who kill cats<\/li>\n<\/ul>\n<p><strong>Every contribution protects lives. Every delay costs lives.<\/strong><\/p>\n<p>[\/et_pb_text][\/et_pb_column][\/et_pb_row][et_pb_row column_structure=&#8221;1_4,1_4,1_4,1_4&#8243; use_custom_gutter=&#8221;on&#8221; gutter_width=&#8221;2&#8243; _builder_version=&#8221;4.27.5&#8243; _module_preset=&#8221;default&#8221; global_colors_info=&#8221;{}&#8221;][et_pb_column type=&#8221;1_4&#8243; _builder_version=&#8221;4.27.5&#8243; _module_preset=&#8221;default&#8221; global_colors_info=&#8221;{}&#8221;][et_pb_blurb title=&#8221;Protect and help now&#8221; image=&#8221;https:\/\/www.catsalvacura.com\/wp-content\/uploads\/2026\/01\/PayPal.svg&#8221; _builder_version=&#8221;4.27.5&#8243; _module_preset=&#8221;default&#8221; header_level=&#8221;h3&#8243; header_text_align=&#8221;center&#8221; background_color=&#8221;#e0f6fc&#8221; custom_margin=&#8221;||20px||false|false&#8221; link_option_url=&#8221;https:\/\/www.paypal.com\/paypalme\/catsalvacura1&#8243; global_colors_info=&#8221;{}&#8221; background__hover_enabled=&#8221;on|hover&#8221; background_color__hover=&#8221;#8FE5FC&#8221; background_enable_color__hover=&#8221;on&#8221;][\/et_pb_blurb][et_pb_text _builder_version=&#8221;4.27.5&#8243; _module_preset=&#8221;default&#8221; global_colors_info=&#8221;{}&#8221;]<\/p>\n<p><strong>Your donation makes an immediate impact<\/strong>!<\/p>\n<ul>\n<li>\u20ac20 secures fencing materials<\/li>\n<li>\u20ac50 secures a section of fencing<\/li>\n<li>\u20ac100 saves lives<\/li>\n<li>Every contribution helps!<\/li>\n<\/ul>\n<p>[\/et_pb_text][\/et_pb_column][et_pb_column type=&#8221;1_4&#8243; _builder_version=&#8221;4.27.5&#8243; _module_preset=&#8221;default&#8221; global_colors_info=&#8221;{}&#8221;][et_pb_blurb title=&#8221;Protect and help now&#8221; image=&#8221;https:\/\/www.catsalvacura.com\/wp-content\/uploads\/2026\/01\/gofundme.svg&#8221; _builder_version=&#8221;4.27.5&#8243; _module_preset=&#8221;default&#8221; header_level=&#8221;h3&#8243; header_text_align=&#8221;center&#8221; background_color=&#8221;#e0f6fc&#8221; custom_margin=&#8221;||20px||false|false&#8221; link_option_url=&#8221;https:\/\/gofund.me\/2cc4da064&#8243; global_colors_info=&#8221;{}&#8221; background__hover_enabled=&#8221;on|hover&#8221; background_color__hover=&#8221;#8FE5FC&#8221; background_enable_color__hover=&#8221;on&#8221;][\/et_pb_blurb][et_pb_text _builder_version=&#8221;4.27.5&#8243; _module_preset=&#8221;default&#8221; global_colors_info=&#8221;{}&#8221;]<\/p>\n<p><strong>Every day, approximately \u20ac130 is needed for essentials \u2013 that&#8217;s around \u20ac4,000 a month.<\/strong><\/p>\n<p>What your donation achieves:<\/p>\n<ul>\n<li>Food for over 130 cats<\/li>\n<li>Veterinary costs, vaccinations, medication<\/li>\n<li>Neutering &amp; emergency assistance<\/li>\n<li>Maintenance and equipment for the CatSalvaCura cat shelter<\/li>\n<li>Financing of local assistance \u2013 so that<\/li>\n<li>Jerry can work in between and secure an income<\/li>\n<\/ul>\n<p>[\/et_pb_text][\/et_pb_column][et_pb_column type=&#8221;1_4&#8243; _builder_version=&#8221;4.27.5&#8243; _module_preset=&#8221;default&#8221; global_colors_info=&#8221;{}&#8221;][et_pb_blurb title=&#8221;Buy the book and help&#8221; image=&#8221;https:\/\/www.catsalvacura.com\/wp-content\/uploads\/2026\/01\/LuniBuch-1024&#215;512.png&#8221; _builder_version=&#8221;4.27.5&#8243; _module_preset=&#8221;default&#8221; header_level=&#8221;h3&#8243; header_text_align=&#8221;center&#8221; background_color=&#8221;#e0f6fc&#8221; custom_margin=&#8221;||0px||false|false&#8221; link_option_url=&#8221;https:\/\/buchshop.bod.de\/die-katze-luni-ein-licht-in-dunkler-nacht-jochem-jerry-knoll-9783695143443&#8243; global_colors_info=&#8221;{}&#8221; background__hover_enabled=&#8221;on|hover&#8221; background_color__hover=&#8221;#8FE5FC&#8221; background_enable_color__hover=&#8221;on&#8221;][\/et_pb_blurb][et_pb_accordion open_toggle_background_color=&#8221;RGBA(255,255,255,0)&#8221; closed_toggle_background_color=&#8221;RGBA(255,255,255,0)&#8221; toggle_icon=&#8221;&#x4c;||divi||400&#8243; icon_color=&#8221;#07B2DF&#8221; use_icon_font_size=&#8221;on&#8221; icon_font_size=&#8221;40px&#8221; _builder_version=&#8221;4.27.5&#8243; _module_preset=&#8221;default&#8221; toggle_level=&#8221;h3&#8243; toggle_font=&#8221;|||on|||||&#8221; closed_toggle_font=&#8221;|||on|||||&#8221; custom_margin=&#8221;||0px||false|false&#8221; custom_padding=&#8221;||0px||false|false&#8221; custom_css_toggle=&#8221;margin-bottom:0px!important;||padding-left:0px&#8221; border_width_all=&#8221;0px&#8221; border_width_bottom=&#8221;2px&#8221; border_color_bottom=&#8221;#8FE5FC&#8221; global_colors_info=&#8221;{}&#8221;][et_pb_accordion_item title=&#8221;FROM THE ORIGINAL&#8221; open=&#8221;on&#8221; _builder_version=&#8221;4.27.5&#8243; _module_preset=&#8221;default&#8221; global_colors_info=&#8221;{}&#8221;]<\/p>\n<p><strong>Hardcover photo book (Catsalvacura)<\/strong><\/p>\n<p>For everyone who really wants to see Luni<\/p>\n<ul>\n<li>High-quality hardcover<\/li>\n<li>Large-format book (17 \u00d7 22 cm)<\/li>\n<li>Photo paper (200 g), all images in colour<\/li>\n<li>Calm, generous layout<\/li>\n<\/ul>\n<p>Souvenir &amp; collector&#8217;s item<\/p>\n<p>[\/et_pb_accordion_item][et_pb_accordion_item title=&#8221;Effect:&#8221; _builder_version=&#8221;4.27.5&#8243; _module_preset=&#8221;default&#8221; global_colors_info=&#8221;{}&#8221; open=&#8221;off&#8221;]<\/p>\n<ul>\n<li>Directly supports the Catsalvacura project<\/li>\n<li>Provides food, medicine and shelter for over 100 cats<\/li>\n<li>Long-term support for the project<\/li>\n<li>This issue is at the heart of the project.<\/li>\n<\/ul>\n<p>[\/et_pb_accordion_item][\/et_pb_accordion][\/et_pb_column][et_pb_column type=&#8221;1_4&#8243; _builder_version=&#8221;4.27.5&#8243; _module_preset=&#8221;default&#8221; global_colors_info=&#8221;{}&#8221;][et_pb_blurb title=&#8221;Buy the book and help&#8221; image=&#8221;https:\/\/www.catsalvacura.com\/wp-content\/uploads\/2026\/01\/LuniBuch-1024&#215;512.png&#8221; _builder_version=&#8221;4.27.5&#8243; _module_preset=&#8221;default&#8221; header_level=&#8221;h3&#8243; header_text_align=&#8221;center&#8221; background_color=&#8221;#e0f6fc&#8221; custom_margin=&#8221;||0px||false|false&#8221; link_option_url=&#8221;https:\/\/www.amazon.de\/Cat-Luni-compassion-nothing-anymore\/dp\/B0G81MTVWQ\/ref=sr_1_1?__mk_de_DE=\u00c5M\u00c5\u017d\u00d5\u00d1&#038;crid=1K12E17DNH3EQ&#038;dib=eyJ2IjoiMSJ9.SwfFz_PsVAj0iY5tX9bi45X221effLCwuCx4_HkfgReOznxn9c9gB0xUL9hWcVuv2xhMhb4bRAHA8Bn5y9i4T1Ntwx7ol2mzRkkwDpcfqipyQFeYcWbUp6GtGLkQogmqktxdmRKcrvULCPNfm430IQUcRh8EGlE_6TwiKEmHwksb09Y9dsDvlkB0Mm6BpjE1ACrC-SXKVOqgrn77awMl_evPB7dClw6EzCTmvKY7tqs.ug8H7vNaii5_-twAfNdug4aXRieL7DTSoPYJrVYkQuU&#038;dib_tag=se&#038;keywords=The+cat+Luni&#038;qid=1767888187&#038;sprefix=the+cat+luni%2Caps%2C71&#038;sr=8-1&#8243; hover_enabled=&#8221;0&#8243; global_colors_info=&#8221;{}&#8221; background__hover_enabled=&#8221;on|hover&#8221; background_color__hover=&#8221;#8FE5FC&#8221; background_enable_color__hover=&#8221;on&#8221; sticky_enabled=&#8221;0&#8243;][\/et_pb_blurb][et_pb_accordion open_toggle_background_color=&#8221;RGBA(255,255,255,0)&#8221; closed_toggle_background_color=&#8221;RGBA(255,255,255,0)&#8221; toggle_icon=&#8221;&#x4c;||divi||400&#8243; icon_color=&#8221;#07B2DF&#8221; use_icon_font_size=&#8221;on&#8221; icon_font_size=&#8221;40px&#8221; _builder_version=&#8221;4.27.5&#8243; _module_preset=&#8221;default&#8221; toggle_level=&#8221;h3&#8243; toggle_font=&#8221;|||on|||||&#8221; closed_toggle_font=&#8221;|||on|||||&#8221; custom_margin=&#8221;||0px||false|false&#8221; custom_padding=&#8221;||0px||false|false&#8221; custom_css_toggle=&#8221;margin-bottom:0px!important;||padding-left:0px&#8221; border_width_all=&#8221;0px&#8221; border_width_bottom=&#8221;2px&#8221; border_color_bottom=&#8221;#8FE5FC&#8221; global_colors_info=&#8221;{}&#8221;][et_pb_accordion_item title=&#8221;AMAZON-EDITION&#8221; open=&#8221;on&#8221; _builder_version=&#8221;4.27.5&#8243; _module_preset=&#8221;default&#8221; global_colors_info=&#8221;{}&#8221;]<\/p>\n<p><strong>Paperback &amp; Kindle (black and white)<\/strong><\/p>\n<p>For anyone who wants to learn about the story<\/p>\n<ul>\n<li>Available internationally<\/li>\n<li>Affordable introductory price<br \/>Complete content<\/li>\n<li>Black and white print<\/li>\n<li>Also available as an e-book<\/li>\n<\/ul>\n<p>[\/et_pb_accordion_item][et_pb_accordion_item title=&#8221;Effect:&#8221; _builder_version=&#8221;4.27.5&#8243; _module_preset=&#8221;default&#8221; global_colors_info=&#8221;{}&#8221; open=&#8221;off&#8221;]<\/p>\n<ul>\n<li>Support Catsalvacura in a simple way<\/li>\n<li>Ideal for recommending and giving as a gift<\/li>\n<li>Low barrier \u2013 wide reach<\/li>\n<li>This edition is accessible to many.<\/li>\n<\/ul>\n<p>[\/et_pb_accordion_item][\/et_pb_accordion][\/et_pb_column][\/et_pb_row][\/et_pb_section]<\/p>\n","protected":false},"excerpt":{"rendered":"<p>Donate now!Your contribution protects 130 cats from death. Catsalvacura is a private cat sanctuary in Moldova. Over 130 cats live here who would not survive without this place. From April onwards, they face acute dangers from: Stray dogs Speeding traffic Neighbors who kill cats Every contribution protects lives. Every delay costs lives.Your donation makes an [&hellip;]<\/p>\n","protected":false},"author":2,"featured_media":0,"parent":0,"menu_order":0,"comment_status":"closed","ping_status":"closed","template":"","meta":{"_acf_changed":false,"_et_pb_use_builder":"on","_et_pb_old_content":"","_et_gb_content_width":"","footnotes":""},"dipi_cpt_category":[],"class_list":["post-4438","page","type-page","status-publish","hentry"],"acf":[],"yoast_head":"<!-- This site is optimized with the Yoast SEO plugin v27.3 - https:\/\/yoast.com\/product\/yoast-seo-wordpress\/ -->\n<title>Donate now! - CatSalvaCura<\/title>\n<meta name=\"robots\" content=\"index, follow, max-snippet:-1, max-image-preview:large, max-video-preview:-1\" \/>\n<link rel=\"canonical\" href=\"https:\/\/www.catsalvacura.com\/en\/donate-now\/\" \/>\n<meta property=\"og:locale\" content=\"en_US\" \/>\n<meta property=\"og:type\" content=\"article\" \/>\n<meta property=\"og:title\" content=\"Donate now! - CatSalvaCura\" \/>\n<meta property=\"og:description\" content=\"Donate now!Your contribution protects 130 cats from death. Catsalvacura is a private cat sanctuary in Moldova. Over 130 cats live here who would not survive without this place. From April onwards, they face acute dangers from: Stray dogs Speeding traffic Neighbors who kill cats Every contribution protects lives. Every delay costs lives.Your donation makes an [&hellip;]\" \/>\n<meta property=\"og:url\" content=\"https:\/\/www.catsalvacura.com\/en\/donate-now\/\" \/>\n<meta property=\"og:site_name\" content=\"CatSalvaCura\" \/>\n<meta property=\"article:modified_time\" content=\"2026-01-08T16:04:05+00:00\" \/>\n<meta name=\"twitter:card\" content=\"summary_large_image\" \/>\n<meta name=\"twitter:label1\" content=\"Est. reading time\" \/>\n\t<meta name=\"twitter:data1\" content=\"3 minutes\" \/>\n<script type=\"application\/ld+json\" class=\"yoast-schema-graph\">{\"@context\":\"https:\\\/\\\/schema.org\",\"@graph\":[{\"@type\":\"WebPage\",\"@id\":\"https:\\\/\\\/www.catsalvacura.com\\\/en\\\/donate-now\\\/\",\"url\":\"https:\\\/\\\/www.catsalvacura.com\\\/en\\\/donate-now\\\/\",\"name\":\"Donate now! - CatSalvaCura\",\"isPartOf\":{\"@id\":\"https:\\\/\\\/www.catsalvacura.com\\\/en\\\/#website\"},\"datePublished\":\"2026-01-07T14:34:49+00:00\",\"dateModified\":\"2026-01-08T16:04:05+00:00\",\"breadcrumb\":{\"@id\":\"https:\\\/\\\/www.catsalvacura.com\\\/en\\\/donate-now\\\/#breadcrumb\"},\"inLanguage\":\"en-US\",\"potentialAction\":[{\"@type\":\"ReadAction\",\"target\":[\"https:\\\/\\\/www.catsalvacura.com\\\/en\\\/donate-now\\\/\"]}]},{\"@type\":\"BreadcrumbList\",\"@id\":\"https:\\\/\\\/www.catsalvacura.com\\\/en\\\/donate-now\\\/#breadcrumb\",\"itemListElement\":[{\"@type\":\"ListItem\",\"position\":1,\"name\":\"Startseite\",\"item\":\"https:\\\/\\\/www.catsalvacura.com\\\/en\\\/\"},{\"@type\":\"ListItem\",\"position\":2,\"name\":\"Donate now!\"}]},{\"@type\":\"WebSite\",\"@id\":\"https:\\\/\\\/www.catsalvacura.com\\\/en\\\/#website\",\"url\":\"https:\\\/\\\/www.catsalvacura.com\\\/en\\\/\",\"name\":\"CatSalvaCura\",\"description\":\"\",\"potentialAction\":[{\"@type\":\"SearchAction\",\"target\":{\"@type\":\"EntryPoint\",\"urlTemplate\":\"https:\\\/\\\/www.catsalvacura.com\\\/en\\\/?s={search_term_string}\"},\"query-input\":{\"@type\":\"PropertyValueSpecification\",\"valueRequired\":true,\"valueName\":\"search_term_string\"}}],\"inLanguage\":\"en-US\"}]}<\/script>\n<!-- \/ Yoast SEO plugin. -->","yoast_head_json":{"title":"Donate now! - CatSalvaCura","robots":{"index":"index","follow":"follow","max-snippet":"max-snippet:-1","max-image-preview":"max-image-preview:large","max-video-preview":"max-video-preview:-1"},"canonical":"https:\/\/www.catsalvacura.com\/en\/donate-now\/","og_locale":"en_US","og_type":"article","og_title":"Donate now! - CatSalvaCura","og_description":"Donate now!Your contribution protects 130 cats from death. Catsalvacura is a private cat sanctuary in Moldova. Over 130 cats live here who would not survive without this place. From April onwards, they face acute dangers from: Stray dogs Speeding traffic Neighbors who kill cats Every contribution protects lives. Every delay costs lives.Your donation makes an [&hellip;]","og_url":"https:\/\/www.catsalvacura.com\/en\/donate-now\/","og_site_name":"CatSalvaCura","article_modified_time":"2026-01-08T16:04:05+00:00","twitter_card":"summary_large_image","twitter_misc":{"Est. reading time":"3 minutes"},"schema":{"@context":"https:\/\/schema.org","@graph":[{"@type":"WebPage","@id":"https:\/\/www.catsalvacura.com\/en\/donate-now\/","url":"https:\/\/www.catsalvacura.com\/en\/donate-now\/","name":"Donate now! - CatSalvaCura","isPartOf":{"@id":"https:\/\/www.catsalvacura.com\/en\/#website"},"datePublished":"2026-01-07T14:34:49+00:00","dateModified":"2026-01-08T16:04:05+00:00","breadcrumb":{"@id":"https:\/\/www.catsalvacura.com\/en\/donate-now\/#breadcrumb"},"inLanguage":"en-US","potentialAction":[{"@type":"ReadAction","target":["https:\/\/www.catsalvacura.com\/en\/donate-now\/"]}]},{"@type":"BreadcrumbList","@id":"https:\/\/www.catsalvacura.com\/en\/donate-now\/#breadcrumb","itemListElement":[{"@type":"ListItem","position":1,"name":"Startseite","item":"https:\/\/www.catsalvacura.com\/en\/"},{"@type":"ListItem","position":2,"name":"Donate now!"}]},{"@type":"WebSite","@id":"https:\/\/www.catsalvacura.com\/en\/#website","url":"https:\/\/www.catsalvacura.com\/en\/","name":"CatSalvaCura","description":"","potentialAction":[{"@type":"SearchAction","target":{"@type":"EntryPoint","urlTemplate":"https:\/\/www.catsalvacura.com\/en\/?s={search_term_string}"},"query-input":{"@type":"PropertyValueSpecification","valueRequired":true,"valueName":"search_term_string"}}],"inLanguage":"en-US"}]}},"_links":{"self":[{"href":"https:\/\/www.catsalvacura.com\/en\/wp-json\/wp\/v2\/pages\/4438","targetHints":{"allow":["GET"]}}],"collection":[{"href":"https:\/\/www.catsalvacura.com\/en\/wp-json\/wp\/v2\/pages"}],"about":[{"href":"https:\/\/www.catsalvacura.com\/en\/wp-json\/wp\/v2\/types\/page"}],"author":[{"embeddable":true,"href":"https:\/\/www.catsalvacura.com\/en\/wp-json\/wp\/v2\/users\/2"}],"replies":[{"embeddable":true,"href":"https:\/\/www.catsalvacura.com\/en\/wp-json\/wp\/v2\/comments?post=4438"}],"version-history":[{"count":7,"href":"https:\/\/www.catsalvacura.com\/en\/wp-json\/wp\/v2\/pages\/4438\/revisions"}],"predecessor-version":[{"id":4449,"href":"https:\/\/www.catsalvacura.com\/en\/wp-json\/wp\/v2\/pages\/4438\/revisions\/4449"}],"wp:attachment":[{"href":"https:\/\/www.catsalvacura.com\/en\/wp-json\/wp\/v2\/media?parent=4438"}],"wp:term":[{"taxonomy":"dipi_cpt_category","embeddable":true,"href":"https:\/\/www.catsalvacura.com\/en\/wp-json\/wp\/v2\/dipi_cpt_category?post=4438"}],"curies":[{"name":"wp","href":"https:\/\/api.w.org\/{rel}","templated":true}]}}